{"id":3967,"date":"2025-07-24T10:28:25","date_gmt":"2025-07-24T08:28:25","guid":{"rendered":"https:\/\/annapietryka.pl\/?post_type=product&#038;p=3967"},"modified":"2025-07-24T11:27:29","modified_gmt":"2025-07-24T09:27:29","slug":"konsultacja-11-60-minut","status":"publish","type":"product","link":"https:\/\/annapietryka.pl\/?product=konsultacja-11-60-minut","title":{"rendered":"Konsultacja 1:1 &#8211; 60 minut"},"content":{"rendered":"<p data-start=\"698\" data-end=\"740\">W trakcie konsultacji mo\u017cemy om\u00f3wi\u0107 m.in.:<\/p>\n<ul data-start=\"742\" data-end=\"1199\">\n<li data-start=\"742\" data-end=\"821\">\n<p data-start=\"744\" data-end=\"821\"><strong data-start=\"744\" data-end=\"758\">Newsletter<\/strong> \u2013 jak budowa\u0107 baz\u0119 i tworzy\u0107 maile, kt\u00f3re naprawd\u0119 sprzedaj\u0105<\/p>\n<\/li>\n<li data-start=\"822\" data-end=\"923\">\n<p data-start=\"824\" data-end=\"923\"><strong data-start=\"824\" data-end=\"858\">Order Bump, OTO, cross-selling<\/strong> \u2013 jak wykorzysta\u0107 te narz\u0119dzia, \u017ceby zwi\u0119kszy\u0107 warto\u015b\u0107 koszyka<\/p>\n<\/li>\n<li data-start=\"924\" data-end=\"1016\">\n<p data-start=\"926\" data-end=\"1016\"><strong data-start=\"926\" data-end=\"956\">Automatyzacje i integracje<\/strong> \u2013 co wdro\u017cy\u0107, \u017ceby dzia\u0142a\u0142o samo i nie zawraca\u0142o Ci g\u0142owy<\/p>\n<\/li>\n<li data-start=\"1017\" data-end=\"1087\">\n<p data-start=\"1019\" data-end=\"1087\"><strong data-start=\"1019\" data-end=\"1039\">Strona lub sklep<\/strong> \u2013 co warto poprawi\u0107, \u017ceby nie traci\u0107 klient\u00f3w<\/p>\n<\/li>\n<li data-start=\"1088\" data-end=\"1199\">\n<p data-start=\"1090\" data-end=\"1199\"><strong data-start=\"1090\" data-end=\"1122\">Sprzeda\u017c produkt\u00f3w cyfrowych<\/strong> \u2013 jak u\u0142o\u017cy\u0107 prosty system, kt\u00f3ry sprzedaje nawet wtedy, gdy Ty masz wolne<\/p>\n<\/li>\n<\/ul>\n<p data-start=\"1201\" data-end=\"1346\">To nie jest og\u00f3lne szkolenie \u2013 to rozmowa o Twoim biznesie. Wychodzisz z gotowymi pomys\u0142ami lub checklist\u0105 dzia\u0142a\u0144, kt\u00f3re mo\u017cesz wdro\u017cy\u0107 od razu.<\/p>\n<p data-start=\"194\" data-end=\"227\"><strong data-start=\"194\" data-end=\"227\">Dla kogo jest ta konsultacja?<\/strong><\/p>\n<p data-start=\"229\" data-end=\"245\">Dla os\u00f3b, kt\u00f3re:<\/p>\n<ul data-start=\"247\" data-end=\"529\">\n<li data-start=\"247\" data-end=\"320\">\n<p data-start=\"249\" data-end=\"320\">maj\u0105 ju\u017c swoje produkty, us\u0142ugi albo sklep i chc\u0105 zwi\u0119kszy\u0107 sprzeda\u017c,<\/p>\n<\/li>\n<li data-start=\"321\" data-end=\"432\">\n<p data-start=\"323\" data-end=\"432\">dopiero ruszaj\u0105 z ofert\u0105, ale nie chc\u0105 uczy\u0107 si\u0119 na b\u0142\u0119dach i marnowa\u0107 czasu na rzeczy, kt\u00f3re nie dzia\u0142aj\u0105,<\/p>\n<\/li>\n<li data-start=\"433\" data-end=\"529\">\n<p data-start=\"435\" data-end=\"529\">wiedz\u0105, \u017ce mo\u017cna \u201epoustawia\u0107\u201d to lepiej, pro\u015bciej i z wi\u0119kszym zyskiem \u2013 tylko nie wiedz\u0105 jak.<\/p>\n<\/li>\n<\/ul>\n<p data-start=\"536\" data-end=\"585\"><strong data-start=\"536\" data-end=\"585\">O co mo\u017cesz mnie zapyta\u0107 podczas konsultacji?<\/strong><\/p>\n<p data-start=\"587\" data-end=\"679\">To zale\u017cy od Twojej sytuacji \u2013 ale przyk\u0142adowe tematy, kt\u00f3re cz\u0119sto omawiam z klientami, to:<\/p>\n<ul data-start=\"681\" data-end=\"1298\">\n<li data-start=\"681\" data-end=\"741\">\n<p data-start=\"683\" data-end=\"741\">Czy to ju\u017c czas na newsletter i od czego w og\u00f3le zacz\u0105\u0107?<\/p>\n<\/li>\n<li data-start=\"742\" data-end=\"810\">\n<p data-start=\"744\" data-end=\"810\">Jak pisa\u0107 maile, kt\u00f3re nie tylko si\u0119 czyta, ale kt\u00f3re sprzedaj\u0105?<\/p>\n<\/li>\n<li data-start=\"811\" data-end=\"901\">\n<p data-start=\"813\" data-end=\"901\">Co powinno znale\u017a\u0107 si\u0119 na landing page\u2019u, \u017ceby nie tylko \u0142adnie wygl\u0105da\u0142, ale dzia\u0142a\u0142?<\/p>\n<\/li>\n<li data-start=\"902\" data-end=\"962\">\n<p data-start=\"904\" data-end=\"962\">Jak zaplanowa\u0107 kampani\u0119 sprzeda\u017cow\u0105 bez stresu i chaosu?<\/p>\n<\/li>\n<li data-start=\"963\" data-end=\"1042\">\n<p data-start=\"965\" data-end=\"1042\">Jak zaprojektowa\u0107 prost\u0105, sp\u00f3jn\u0105 \u015bcie\u017ck\u0119 klienta, kt\u00f3ra prowadzi do zakupu?<\/p>\n<\/li>\n<li data-start=\"1043\" data-end=\"1114\">\n<p data-start=\"1045\" data-end=\"1114\">Co warto zautomatyzowa\u0107, \u017ceby nie robi\u0107 w k\u00f3\u0142ko tych samych rzeczy?<\/p>\n<\/li>\n<li data-start=\"1115\" data-end=\"1203\">\n<p data-start=\"1117\" data-end=\"1203\">Jak po\u0142\u0105czy\u0107 swoje produkty w sensowny system sprzeda\u017cowy (a nie losow\u0105 zbieranin\u0119)?<\/p>\n<\/li>\n<li data-start=\"1204\" data-end=\"1298\">\n<p data-start=\"1206\" data-end=\"1298\">Jak ogarn\u0105\u0107 ManyChat albo inne automatyzacje, \u017ceby faktycznie pomaga\u0142y, a nie przeszkadza\u0142y?<\/p>\n<\/li>\n<\/ul>\n<p>&nbsp;<\/p>\n<p data-start=\"88\" data-end=\"121\"><strong data-start=\"88\" data-end=\"121\">Jak to wygl\u0105da krok po kroku?<\/strong><\/p>\n<ol data-start=\"123\" data-end=\"480\">\n<li data-start=\"123\" data-end=\"163\">\n<p data-start=\"126\" data-end=\"163\">Kup konsultacj\u0119 i op\u0142a\u0107 zam\u00f3wienie.<\/p>\n<\/li>\n<li data-start=\"164\" data-end=\"290\">\n<p data-start=\"167\" data-end=\"290\">Od razu po p\u0142atno\u015bci dostaniesz ode mnie maila z linkiem do kalendarza \u2013 tam wybierzesz dogodny termin naszego spotkania.<\/p>\n<\/li>\n<li data-start=\"291\" data-end=\"414\">\n<p data-start=\"294\" data-end=\"414\">Przed konsultacj\u0105 poprosz\u0119 Ci\u0119 jeszcze o wype\u0142nienie kr\u00f3tkiej ankiety, dzi\u0119ki kt\u00f3rej lepiej przygotuj\u0119 si\u0119 do rozmowy.<\/p>\n<\/li>\n<li data-start=\"415\" data-end=\"480\">\n<p data-start=\"418\" data-end=\"480\">Spotykamy si\u0119 online i dzia\u0142amy konkretnie nad Twoim biznesem.<\/p>\n<\/li>\n<\/ol>\n<p data-start=\"482\" data-end=\"579\">\ud83d\udc49 Konsultacj\u0119 mo\u017cna prze\u0142o\u017cy\u0107 tylko raz \u2013 je\u015bli nie pojawisz si\u0119 ponownie, spotkanie przepada.<\/p>\n","protected":false},"excerpt":{"rendered":"<p data-start=\"270\" data-end=\"426\">Masz ju\u017c swoj\u0105 stron\u0119, sklep albo produkty cyfrowe i chcesz sprzedawa\u0107 skuteczniej? Czujesz, \u017ce da si\u0119 to pouk\u0142ada\u0107 lepiej \u2013 ale nie wiesz, od czego zacz\u0105\u0107?<\/p>\n<p data-start=\"428\" data-end=\"696\">Podczas 60-minutowej konsultacji spojrzymy razem na Tw\u00f3j biznes i poszukamy rozwi\u0105za\u0144, kt\u00f3re naprawd\u0119 maj\u0105 sens \u2013 takich, kt\u00f3re pomog\u0105 Ci zarabia\u0107 wi\u0119cej, a nie tylko \u201eco\u015b zmieni\u0105\u201d.<br data-start=\"609\" data-end=\"612\" \/>Rozmawiamy konkretnie, bez lania wody. Je\u015bli trzeba, zagl\u0105damy pod mask\u0119 techniczn\u0105.<\/p>\n","protected":false},"featured_media":3969,"template":"","meta":{"_kad_post_transparent":"default","_kad_post_title":"","_kad_post_layout":"default","_kad_post_sidebar_id":"","_kad_post_content_style":"default","_kad_post_vertical_padding":"default","_kad_post_feature":"","_kad_post_feature_position":"","_kad_post_header":false,"_kad_post_footer":false},"product_brand":[],"product_cat":[22],"product_tag":[],"class_list":{"0":"post-3967","1":"product","2":"type-product","3":"status-publish","4":"has-post-thumbnail","6":"product_cat-konsultacje","8":"first","9":"instock","10":"downloadable","11":"virtual","12":"taxable","13":"purchasable","14":"product-type-simple","15":"entry","16":"content-bg","17":"loop-entry"},"_links":{"self":[{"href":"https:\/\/annapietryka.pl\/index.php?rest_route=\/wp\/v2\/product\/3967","targetHints":{"allow":["GET"]}}],"collection":[{"href":"https:\/\/annapietryka.pl\/index.php?rest_route=\/wp\/v2\/product"}],"about":[{"href":"https:\/\/annapietryka.pl\/index.php?rest_route=\/wp\/v2\/types\/product"}],"wp:featuredmedia":[{"embeddable":true,"href":"https:\/\/annapietryka.pl\/index.php?rest_route=\/wp\/v2\/media\/3969"}],"wp:attachment":[{"href":"https:\/\/annapietryka.pl\/index.php?rest_route=%2Fwp%2Fv2%2Fmedia&parent=3967"}],"wp:term":[{"taxonomy":"product_brand","embeddable":true,"href":"https:\/\/annapietryka.pl\/index.php?rest_route=%2Fwp%2Fv2%2Fproduct_brand&post=3967"},{"taxonomy":"product_cat","embeddable":true,"href":"https:\/\/annapietryka.pl\/index.php?rest_route=%2Fwp%2Fv2%2Fproduct_cat&post=3967"},{"taxonomy":"product_tag","embeddable":true,"href":"https:\/\/annapietryka.pl\/index.php?rest_route=%2Fwp%2Fv2%2Fproduct_tag&post=3967"}],"curies":[{"name":"wp","href":"https:\/\/api.w.org\/{rel}","templated":true}]}}