{"id":645,"date":"2024-03-29T15:31:07","date_gmt":"2024-03-29T14:31:07","guid":{"rendered":"https:\/\/annapietryka.pl\/?page_id=645"},"modified":"2024-08-22T21:26:54","modified_gmt":"2024-08-22T19:26:54","slug":"newsletter-oferta","status":"publish","type":"page","link":"https:\/\/annapietryka.pl\/?page_id=645","title":{"rendered":"Newsletter-oferta"},"content":{"rendered":"\t\t<div data-elementor-type=\"wp-page\" data-elementor-id=\"645\" class=\"elementor elementor-645\" data-elementor-post-type=\"page\">\n\t\t\t\t<div class=\"elementor-element elementor-element-141c303 e-flex e-con-boxed e-con e-parent\" data-id=\"141c303\" data-element_type=\"container\" data-settings=\"{&quot;background_background&quot;:&quot;classic&quot;}\">\n\t\t\t\t\t<div class=\"e-con-inner\">\n\t\t<div class=\"elementor-element elementor-element-76306db e-flex e-con-boxed e-con e-child\" data-id=\"76306db\" data-element_type=\"container\">\n\t\t\t\t\t<div class=\"e-con-inner\">\n\t\t\t\t<div class=\"elementor-element elementor-element-c3cc521 elementor-widget elementor-widget-heading\" data-id=\"c3cc521\" data-element_type=\"widget\" data-widget_type=\"heading.default\">\n\t\t\t\t<div class=\"elementor-widget-container\">\n\t\t\t\t\t<h2 class=\"elementor-heading-title elementor-size-default\">Newslettery, kt\u00f3re przemieniaj\u0105 kontakty w klient\u00f3w\n\n<\/h2>\t\t\t\t<\/div>\n\t\t\t\t<\/div>\n\t\t\t\t<div class=\"elementor-element elementor-element-cd1b0f5 elementor-widget elementor-widget-heading\" data-id=\"cd1b0f5\" data-element_type=\"widget\" data-widget_type=\"heading.default\">\n\t\t\t\t<div class=\"elementor-widget-container\">\n\t\t\t\t\t<h2 class=\"elementor-heading-title elementor-size-default\">Wykorzystaj moc e-mail marketingu, aby przekszta\u0142ci\u0107 kontakty w lojalnych klient\u00f3w i zwi\u0119kszy\u0107 swoje zyski. Moje skuteczne podej\u015bcie do newsletter\u00f3w pomo\u017ce Ci osi\u0105gn\u0105\u0107 wyra\u017ane rezultaty.<\/h2>\t\t\t\t<\/div>\n\t\t\t\t<\/div>\n\t\t\t\t\t<\/div>\n\t\t\t\t<\/div>\n\t\t\t\t\t<\/div>\n\t\t\t\t<\/div>\n\t\t<div class=\"elementor-element elementor-element-f0a0d00 e-flex e-con-boxed e-con e-parent\" data-id=\"f0a0d00\" data-element_type=\"container\">\n\t\t\t\t\t<div class=\"e-con-inner\">\n\t\t\t\t<div class=\"elementor-element elementor-element-2aca4da elementor-widget elementor-widget-heading\" data-id=\"2aca4da\" data-element_type=\"widget\" data-widget_type=\"heading.default\">\n\t\t\t\t<div class=\"elementor-widget-container\">\n\t\t\t\t\t<h2 class=\"elementor-heading-title elementor-size-default\">Tw\u00f3j newsletter to klucz do efektywnej komunikacji\n<\/h2>\t\t\t\t<\/div>\n\t\t\t\t<\/div>\n\t\t\t\t<div class=\"elementor-element elementor-element-1c34c05 elementor-widget elementor-widget-text-editor\" data-id=\"1c34c05\" data-element_type=\"widget\" data-widget_type=\"text-editor.default\">\n\t\t\t\t<div class=\"elementor-widget-container\">\n\t\t\t\t\t\t\t\t\t<p>Dzi\u0119ki precyzyjnie zaplanowanym rozwi\u0105zaniom newsletterowym mo\u017cesz nie tylko zaoszcz\u0119dzi\u0107 czas, ale tak\u017ce zwi\u0119kszy\u0107 zyski i budowa\u0107 trwa\u0142e relacje z klientami.<\/p><p>Odkryj, jak mog\u0119 pom\u00f3c Ci stworzy\u0107 skuteczne kampanie newsletterowe, kt\u00f3re nie tylko spe\u0142niaj\u0105 Twoje oczekiwania, ale tak\u017ce przewy\u017cszaj\u0105 konkurencj\u0119 i wspieraj\u0105 rozw\u00f3j Twojego biznesu.<\/p>\t\t\t\t\t\t\t\t<\/div>\n\t\t\t\t<\/div>\n\t\t\t\t\t<\/div>\n\t\t\t\t<\/div>\n\t\t<div class=\"elementor-element elementor-element-1b81bc8 e-con-full e-flex e-con e-parent\" data-id=\"1b81bc8\" data-element_type=\"container\" data-settings=\"{&quot;background_background&quot;:&quot;classic&quot;}\">\n\t\t<div class=\"elementor-element elementor-element-92a03f1 e-con-full e-flex e-con e-child\" data-id=\"92a03f1\" data-element_type=\"container\">\n\t\t\t\t<div class=\"elementor-element elementor-element-83c996e elementor-widget elementor-widget-heading\" data-id=\"83c996e\" data-element_type=\"widget\" data-widget_type=\"heading.default\">\n\t\t\t\t<div class=\"elementor-widget-container\">\n\t\t\t\t\t<h2 class=\"elementor-heading-title elementor-size-default\">Newsletter Start<\/h2>\t\t\t\t<\/div>\n\t\t\t\t<\/div>\n\t\t\t\t<div class=\"elementor-element elementor-element-6655cbf elementor-widget elementor-widget-text-editor\" data-id=\"6655cbf\" data-element_type=\"widget\" data-widget_type=\"text-editor.default\">\n\t\t\t\t<div class=\"elementor-widget-container\">\n\t\t\t\t\t\t\t\t\t<p>Profesjonalne za\u0142o\u017cenie newslettera to pierwszy krok do efektywnej komunikacji z Twoimi klientami. Zajm\u0119 si\u0119 wszystkim \u2013 od konfiguracji konta po integracj\u0119 z Twoj\u0105 stron\u0105 i systemami CRM. Dzi\u0119ki mojej pomocy, rozpoczniesz skuteczn\u0105 kampani\u0119 e-mail marketingow\u0105, kt\u00f3ra przyci\u0105gnie uwag\u0119 i zaanga\u017cuje odbiorc\u00f3w.<\/p>\t\t\t\t\t\t\t\t<\/div>\n\t\t\t\t<\/div>\n\t\t\t\t<\/div>\n\t\t<div class=\"elementor-element elementor-element-95a631d e-con-full e-flex e-con e-child\" data-id=\"95a631d\" data-element_type=\"container\">\n\t\t<div class=\"elementor-element elementor-element-3f5c3d2 e-flex e-con-boxed e-con e-child\" data-id=\"3f5c3d2\" data-element_type=\"container\">\n\t\t\t\t\t<div class=\"e-con-inner\">\n\t\t\t\t<div class=\"elementor-element elementor-element-15dd994 elementor-widget elementor-widget-text-editor\" data-id=\"15dd994\" data-element_type=\"widget\" data-widget_type=\"text-editor.default\">\n\t\t\t\t<div class=\"elementor-widget-container\">\n\t\t\t\t\t\t\t\t\t<p><strong>Co wchodzi w sk\u0142ad us\u0142ugi?<\/strong><\/p>\n<ul>\n<li>60 minut spotkanie strategiczne<\/li>\n<li>za\u0142o\u017cenie i konfiguracja konta w programie do mailingu<\/li>\n<li>stworzenie strony zapisu na newsletter<\/li>\n<li>stworzenie i dodanie pop-up i formularz na stronie www<\/li>\n<li>szablon wiadomo\u015bci double opt-in zgodny z RODO<\/li>\n<li>szablon regularnego newslettera sp\u00f3jny z Twoj\u0105 szat\u0105 graficzn\u0105<\/li>\n<li>podpi\u0119cie przygotowanego przez Ciebie prezentu do pobrania<\/li>\n<li>automatyczna sekwencja powitalna 3-5 maili z Twoimi tekstami<br>wskaz\u00f3wki do napisania tre\u015bci maili<\/li>\n<li>instrukcja video jak si\u0119 porusza\u0107 po systemie i jak wysy\u0142a\u0107 maile<\/li>\n<\/ul>\t\t\t\t\t\t\t\t<\/div>\n\t\t\t\t<\/div>\n\t\t\t\t\t<\/div>\n\t\t\t\t<\/div>\n\t\t\t\t<div class=\"elementor-element elementor-element-fd4306f elementor-widget elementor-widget-text-editor\" data-id=\"fd4306f\" data-element_type=\"widget\" data-widget_type=\"text-editor.default\">\n\t\t\t\t<div class=\"elementor-widget-container\">\n\t\t\t\t\t\t\t\t\t<p><strong>INWESTYCJA: od 800 z\u0142\u00a0<\/strong><\/p>\t\t\t\t\t\t\t\t<\/div>\n\t\t\t\t<\/div>\n\t\t\t\t<\/div>\n\t\t\t\t<\/div>\n\t\t<div class=\"elementor-element elementor-element-179e8f8 e-con-full e-flex e-con e-parent\" data-id=\"179e8f8\" data-element_type=\"container\" data-settings=\"{&quot;background_background&quot;:&quot;classic&quot;}\">\n\t\t<div class=\"elementor-element elementor-element-1920fcc e-con-full e-flex e-con e-child\" data-id=\"1920fcc\" data-element_type=\"container\">\n\t\t\t\t<div class=\"elementor-element elementor-element-4405d3c elementor-widget elementor-widget-heading\" data-id=\"4405d3c\" data-element_type=\"widget\" data-widget_type=\"heading.default\">\n\t\t\t\t<div class=\"elementor-widget-container\">\n\t\t\t\t\t<h2 class=\"elementor-heading-title elementor-size-default\">Sekwencja Powitalna\n<\/h2>\t\t\t\t<\/div>\n\t\t\t\t<\/div>\n\t\t\t\t<div class=\"elementor-element elementor-element-8f57997 elementor-widget elementor-widget-text-editor\" data-id=\"8f57997\" data-element_type=\"widget\" data-widget_type=\"text-editor.default\">\n\t\t\t\t<div class=\"elementor-widget-container\">\n\t\t\t\t\t\t\t\t\t<p>Pierwsze wra\u017cenie jest kluczowe! Zaprojektuj\u0119 dla Ciebie efektywn\u0105 sekwencj\u0119 powitaln\u0105, kt\u00f3ra od pierwszego kontaktu zbuduje zaufanie i zaanga\u017cowanie nowych subskrybent\u00f3w. Profesjonalnie przygotowane wiadomo\u015bci powitalne pomog\u0105 Ci stworzy\u0107 solidne fundamenty dla dalszej komunikacji.<\/p>\t\t\t\t\t\t\t\t<\/div>\n\t\t\t\t<\/div>\n\t\t\t\t<\/div>\n\t\t<div class=\"elementor-element elementor-element-2d0f1bf e-con-full e-flex e-con e-child\" data-id=\"2d0f1bf\" data-element_type=\"container\">\n\t\t<div class=\"elementor-element elementor-element-588fec7 e-flex e-con-boxed e-con e-child\" data-id=\"588fec7\" data-element_type=\"container\">\n\t\t\t\t\t<div class=\"e-con-inner\">\n\t\t\t\t<div class=\"elementor-element elementor-element-515fe76 elementor-widget elementor-widget-text-editor\" data-id=\"515fe76\" data-element_type=\"widget\" data-widget_type=\"text-editor.default\">\n\t\t\t\t<div class=\"elementor-widget-container\">\n\t\t\t\t\t\t\t\t\t<p><strong>Co wchodzi w sk\u0142ad us\u0142ugi?<\/strong><\/p><ul><li>60 minut spotkania strategicznego<\/li><li>Automatyczna sekwencja powitalna 3-5 maili z Twoimi tekstami<\/li><li>Wskaz\u00f3wki do napisania tre\u015bci maili\u00a0<\/li><li>Spotkanie podsumowuj\u0105ce 30 minut\u00a0<\/li><\/ul>\t\t\t\t\t\t\t\t<\/div>\n\t\t\t\t<\/div>\n\t\t\t\t\t<\/div>\n\t\t\t\t<\/div>\n\t\t\t\t<div class=\"elementor-element elementor-element-5a6fbb6 elementor-widget elementor-widget-text-editor\" data-id=\"5a6fbb6\" data-element_type=\"widget\" data-widget_type=\"text-editor.default\">\n\t\t\t\t<div class=\"elementor-widget-container\">\n\t\t\t\t\t\t\t\t\t<p><strong>INWESTYCJA: od 300 z\u0142\u00a0<\/strong><\/p>\t\t\t\t\t\t\t\t<\/div>\n\t\t\t\t<\/div>\n\t\t\t\t<\/div>\n\t\t\t\t<\/div>\n\t\t<div class=\"elementor-element elementor-element-6706428 e-con-full e-flex e-con e-parent\" data-id=\"6706428\" data-element_type=\"container\" data-settings=\"{&quot;background_background&quot;:&quot;classic&quot;}\">\n\t\t<div class=\"elementor-element elementor-element-1ae91d3 e-con-full e-flex e-con e-child\" data-id=\"1ae91d3\" data-element_type=\"container\">\n\t\t\t\t<div class=\"elementor-element elementor-element-7023618 elementor-widget elementor-widget-heading\" data-id=\"7023618\" data-element_type=\"widget\" data-widget_type=\"heading.default\">\n\t\t\t\t<div class=\"elementor-widget-container\">\n\t\t\t\t\t<h2 class=\"elementor-heading-title elementor-size-default\">OTO \u2013 wprowadzenie oferty jednorazowej <\/h2>\t\t\t\t<\/div>\n\t\t\t\t<\/div>\n\t\t\t\t<div class=\"elementor-element elementor-element-cc45916 elementor-widget elementor-widget-text-editor\" data-id=\"cc45916\" data-element_type=\"widget\" data-widget_type=\"text-editor.default\">\n\t\t\t\t<div class=\"elementor-widget-container\">\n\t\t\t\t\t\t\t\t\t<p>Maksymalizuj swoje zyski i zwi\u0119ksz konwersje dzi\u0119ki strategicznie zaplanowanej ofercie jednorazowej. Moja us\u0142uga OTO pomo\u017ce Ci stworzy\u0107 atrakcyjn\u0105 ofert\u0119, kt\u00f3ra przyci\u0105gnie uwag\u0119 Twoich klient\u00f3w i zmaksymalizuje Twoje przychody.<\/p>\t\t\t\t\t\t\t\t<\/div>\n\t\t\t\t<\/div>\n\t\t\t\t<\/div>\n\t\t<div class=\"elementor-element elementor-element-1dc1353 e-con-full e-flex e-con e-child\" data-id=\"1dc1353\" data-element_type=\"container\">\n\t\t<div class=\"elementor-element elementor-element-7a906ef e-flex e-con-boxed e-con e-child\" data-id=\"7a906ef\" data-element_type=\"container\">\n\t\t\t\t\t<div class=\"e-con-inner\">\n\t\t\t\t<div class=\"elementor-element elementor-element-df0c1af elementor-widget elementor-widget-text-editor\" data-id=\"df0c1af\" data-element_type=\"widget\" data-widget_type=\"text-editor.default\">\n\t\t\t\t<div class=\"elementor-widget-container\">\n\t\t\t\t\t\t\t\t\t<p><strong>Co wchodzi w sk\u0142ad us\u0142ugi?<\/strong><\/p><ul><li>60 minut spotkania strategicznego<\/li><li>Stworzenie strony sprzeda\u017cowej produktu<\/li><li>Wdro\u017cenie sytemu OTO\u00a0<\/li><li>Konfiguracja ustawie\u0144 w sklepie i systemie do wysy\u0142ki newslettera<\/li><\/ul>\t\t\t\t\t\t\t\t<\/div>\n\t\t\t\t<\/div>\n\t\t\t\t\t<\/div>\n\t\t\t\t<\/div>\n\t\t\t\t<div class=\"elementor-element elementor-element-08cedb0 elementor-widget elementor-widget-text-editor\" data-id=\"08cedb0\" data-element_type=\"widget\" data-widget_type=\"text-editor.default\">\n\t\t\t\t<div class=\"elementor-widget-container\">\n\t\t\t\t\t\t\t\t\t<p><strong>INWESTYCJA: od 500 z\u0142\u00a0<\/strong><\/p>\t\t\t\t\t\t\t\t<\/div>\n\t\t\t\t<\/div>\n\t\t\t\t<\/div>\n\t\t\t\t<\/div>\n\t\t<div class=\"elementor-element elementor-element-01c95b2 e-con-full e-flex e-con e-parent\" data-id=\"01c95b2\" data-element_type=\"container\" data-settings=\"{&quot;background_background&quot;:&quot;classic&quot;}\">\n\t\t<div class=\"elementor-element elementor-element-6b09b21 e-con-full e-flex e-con e-child\" data-id=\"6b09b21\" data-element_type=\"container\">\n\t\t\t\t<div class=\"elementor-element elementor-element-5114f9f elementor-widget elementor-widget-heading\" data-id=\"5114f9f\" data-element_type=\"widget\" data-widget_type=\"heading.default\">\n\t\t\t\t<div class=\"elementor-widget-container\">\n\t\t\t\t\t<h2 class=\"elementor-heading-title elementor-size-default\">Audyt newslettera <\/h2>\t\t\t\t<\/div>\n\t\t\t\t<\/div>\n\t\t\t\t<div class=\"elementor-element elementor-element-926ac08 elementor-widget elementor-widget-text-editor\" data-id=\"926ac08\" data-element_type=\"widget\" data-widget_type=\"text-editor.default\">\n\t\t\t\t<div class=\"elementor-widget-container\">\n\t\t\t\t\t\t\t\t\t<p>Chcesz, aby Twoje kampanie e-mailowe przynosi\u0142y lepsze rezultaty? Nasza us\u0142uga audytu newslettera pomo\u017ce Ci zoptymalizowa\u0107 strategi\u0119 e-mail marketingow\u0105 i zwi\u0119kszy\u0107 skuteczno\u015b\u0107 Twoich dzia\u0142a\u0144.<\/p><h3>\u00a0<\/h3>\t\t\t\t\t\t\t\t<\/div>\n\t\t\t\t<\/div>\n\t\t\t\t<\/div>\n\t\t<div class=\"elementor-element elementor-element-f6312ae e-con-full e-flex e-con e-child\" data-id=\"f6312ae\" data-element_type=\"container\">\n\t\t<div class=\"elementor-element elementor-element-263f0a5 e-flex e-con-boxed e-con e-child\" data-id=\"263f0a5\" data-element_type=\"container\">\n\t\t\t\t\t<div class=\"e-con-inner\">\n\t\t\t\t<div class=\"elementor-element elementor-element-cd53b41 elementor-widget elementor-widget-text-editor\" data-id=\"cd53b41\" data-element_type=\"widget\" data-widget_type=\"text-editor.default\">\n\t\t\t\t<div class=\"elementor-widget-container\">\n\t\t\t\t\t\t\t\t\t<p><strong>Co wchodzi w sk\u0142ad us\u0142ugi?<\/strong><\/p><ul><li>Analiza aktualnej strategii e-mail marketingowej<\/li><li>Analiza kluczowych wska\u017anik\u00f3w (otwieralno\u015b\u0107, klikalno\u015b\u0107&#8230;)\u00a0<\/li><li>Ocena tre\u015bci newsletter\u00f3w<\/li><li>Audyt techniczny i dostarczalno\u015bci<\/li><li>Rekomendacje i plan dzia\u0142ania w formie PDF<\/li><\/ul>\t\t\t\t\t\t\t\t<\/div>\n\t\t\t\t<\/div>\n\t\t\t\t\t<\/div>\n\t\t\t\t<\/div>\n\t\t\t\t<div class=\"elementor-element elementor-element-0cebc75 elementor-widget elementor-widget-text-editor\" data-id=\"0cebc75\" data-element_type=\"widget\" data-widget_type=\"text-editor.default\">\n\t\t\t\t<div class=\"elementor-widget-container\">\n\t\t\t\t\t\t\t\t\t<p><strong>INWESTYCJA: od 400 z\u0142\u00a0<\/strong><\/p>\t\t\t\t\t\t\t\t<\/div>\n\t\t\t\t<\/div>\n\t\t\t\t<\/div>\n\t\t\t\t<\/div>\n\t\t\t\t<\/div>\n\t\t","protected":false},"excerpt":{"rendered":"<p>Newslettery, kt\u00f3re przemieniaj\u0105 kontakty w klient\u00f3w Wykorzystaj moc e-mail marketingu, aby przekszta\u0142ci\u0107 kontakty w lojalnych klient\u00f3w i zwi\u0119kszy\u0107 swoje zyski. Moje skuteczne podej\u015bcie do newsletter\u00f3w pomo\u017ce Ci osi\u0105gn\u0105\u0107 wyra\u017ane rezultaty. Tw\u00f3j newsletter to klucz do efektywnej komunikacji Dzi\u0119ki precyzyjnie zaplanowanym rozwi\u0105zaniom newsletterowym mo\u017cesz nie tylko zaoszcz\u0119dzi\u0107 czas, ale tak\u017ce zwi\u0119kszy\u0107 zyski i budowa\u0107 trwa\u0142e relacje&#8230;<\/p>\n","protected":false},"author":1,"featured_media":0,"parent":0,"menu_order":0,"comment_status":"closed","ping_status":"closed","template":"","meta":{"_kad_post_transparent":"","_kad_post_title":"hide","_kad_post_layout":"fullwidth","_kad_post_sidebar_id":"","_kad_post_content_style":"unboxed","_kad_post_vertical_padding":"hide","_kad_post_feature":"hide","_kad_post_feature_position":"","_kad_post_header":false,"_kad_post_footer":false,"footnotes":""},"class_list":["post-645","page","type-page","status-publish","hentry"],"rttpg_featured_image_url":null,"rttpg_author":{"display_name":"Anna Pietryka","author_link":"https:\/\/annapietryka.pl\/?author=1"},"rttpg_comment":0,"rttpg_category":null,"rttpg_excerpt":"Newslettery, kt\u00f3re przemieniaj\u0105 kontakty w klient\u00f3w Wykorzystaj moc e-mail marketingu, aby przekszta\u0142ci\u0107 kontakty w lojalnych klient\u00f3w i zwi\u0119kszy\u0107 swoje zyski. Moje skuteczne podej\u015bcie do newsletter\u00f3w pomo\u017ce Ci osi\u0105gn\u0105\u0107 wyra\u017ane rezultaty. Tw\u00f3j newsletter to klucz do efektywnej komunikacji Dzi\u0119ki precyzyjnie zaplanowanym rozwi\u0105zaniom newsletterowym mo\u017cesz nie tylko zaoszcz\u0119dzi\u0107 czas, ale tak\u017ce zwi\u0119kszy\u0107 zyski i budowa\u0107 trwa\u0142e relacje...","_links":{"self":[{"href":"https:\/\/annapietryka.pl\/index.php?rest_route=\/wp\/v2\/pages\/645","targetHints":{"allow":["GET"]}}],"collection":[{"href":"https:\/\/annapietryka.pl\/index.php?rest_route=\/wp\/v2\/pages"}],"about":[{"href":"https:\/\/annapietryka.pl\/index.php?rest_route=\/wp\/v2\/types\/page"}],"author":[{"embeddable":true,"href":"https:\/\/annapietryka.pl\/index.php?rest_route=\/wp\/v2\/users\/1"}],"replies":[{"embeddable":true,"href":"https:\/\/annapietryka.pl\/index.php?rest_route=%2Fwp%2Fv2%2Fcomments&post=645"}],"version-history":[{"count":97,"href":"https:\/\/annapietryka.pl\/index.php?rest_route=\/wp\/v2\/pages\/645\/revisions"}],"predecessor-version":[{"id":2286,"href":"https:\/\/annapietryka.pl\/index.php?rest_route=\/wp\/v2\/pages\/645\/revisions\/2286"}],"wp:attachment":[{"href":"https:\/\/annapietryka.pl\/index.php?rest_route=%2Fwp%2Fv2%2Fmedia&parent=645"}],"curies":[{"name":"wp","href":"https:\/\/api.w.org\/{rel}","templated":true}]}}