{"id":48,"date":"2024-03-28T13:50:49","date_gmt":"2024-03-28T12:50:49","guid":{"rendered":"https:\/\/annapietryka.pl\/?page_id=48"},"modified":"2025-08-04T13:56:40","modified_gmt":"2025-08-04T11:56:40","slug":"polityka-prywatnosci","status":"publish","type":"page","link":"https:\/\/annapietryka.pl\/?page_id=48","title":{"rendered":"Polityka prywatno\u015bci"},"content":{"rendered":"\t\t<div data-elementor-type=\"wp-page\" data-elementor-id=\"48\" class=\"elementor elementor-48\" data-elementor-post-type=\"page\">\n\t\t\t\t<div class=\"elementor-element elementor-element-881911a e-flex e-con-boxed e-con e-parent\" data-id=\"881911a\" data-element_type=\"container\">\n\t\t\t\t\t<div class=\"e-con-inner\">\n\t\t\t\t<div class=\"elementor-element elementor-element-3eb6092 elementor-widget elementor-widget-heading\" data-id=\"3eb6092\" data-element_type=\"widget\" data-widget_type=\"heading.default\">\n\t\t\t\t<div class=\"elementor-widget-container\">\n\t\t\t\t\t<h2 class=\"elementor-heading-title elementor-size-default\">POLITYKA PRYWATNO\u015aCI strona annapietryka.pl<\/h2>\t\t\t\t<\/div>\n\t\t\t\t<\/div>\n\t\t\t\t<div class=\"elementor-element elementor-element-22a6dc6 elementor-widget elementor-widget-text-editor\" data-id=\"22a6dc6\" data-element_type=\"widget\" data-widget_type=\"text-editor.default\">\n\t\t\t\t<div class=\"elementor-widget-container\">\n\t\t\t\t\t\t\t\t\t<ol><li><h4><strong>Kto jest ad<\/strong><b>ministratorem pa\u0144stwa danych?<\/b><\/h4><\/li><\/ol><p><span style=\"font-weight: 400;\">Administratorem Pani\/ Pana danych osobowych jest <\/span><b>FUNDACJA ROZWOJU PRZEDSI\u0118BIORCZO\u015aCI \u201eTW\u00d3J STARTUP\u201d<\/b><span style=\"font-weight: 400;\"> z siedzib\u0105 w Warszawie (adres siedziby: <\/span><span style=\"font-weight: 400;\"><br \/><\/span><span style=\"font-weight: 400;\">ul. \u017burawia 6\/12, lok. 766, 00-503 Warszawa).<\/span><\/p><p><span style=\"font-weight: 400;\">Powy\u017csza polityka prywatno\u015bci dotyczy us\u0142ug Fundacji \u015bwiadczonych przez\u00a0 zorganizowan\u0105 cz\u0119\u015b\u0107 przedsi\u0119biorstwa <\/span><span style=\"font-weight: 400;\">Anna Pietryka <\/span><span style=\"font-weight: 400;\">dane kontaktowe: numer telefonu<\/span><span style=\"font-weight: 400;\"> +48 518 175 508, adres e-mail: kontakt@annapietryka.pl realizowanych\u00a0 przez Anna Pietryka.\u00a0<\/span><b><\/b><\/p><h4><b>2. Dlaczego przetwarzamy Pa\u0144stwa Dane?<\/b><\/h4><p><span style=\"font-weight: 400;\"><strong>A.<\/strong> W zwi\u0105zku z us\u0142ugami \u015bwiadczonymi za po\u015brednictwem Anny Pietryki (https:\/\/<\/span><span style=\"font-weight: 400;\">annapietryka.pl)<\/span><span style=\"font-weight: 400;\"> polegaj\u0105cymi na sprzeda\u017cy produkt\u00f3w cyfrowych, dost\u0119pie do platformy kursowej oraz umo\u017cliwieniu zakupu us\u0142ug za po\u015brednictwem sklepu internetowego Tj. w celu zawarcia lub wykonania umowy (art.\u00a0 6 ust. 1 lit.b Rozporz\u0105dzenia), Pa\u0144stwa dane b\u0119d\u0105 przechowywane do czasu wykonania umowym.\u00a0<br \/><\/span><span style=\"font-weight: 400;\"><strong>B.<\/strong> W celach marketingowych i promocji produkt\u00f3w oferowanych przez Fundacj\u0119 Rozwoju Przedsi\u0119biorczo\u015bci \u201eTw\u00f3j StartUp\u201d z siedzib\u0105 w Warszawie b\u0119d\u0105cych naszym prawnie uzasadnionym interesem (art. 6 ust. 1 lit. f Rozporz\u0105dzenia). Pa\u0144stwa dane b\u0119d\u0105 przetwarzane do czasu wyra\u017cenia sprzeciwu ( je\u015bli nie wysy\u0142aj\u0105 Pa\u0144stwo informacji handlowych, prosz\u0119 o usuni\u0119cie tego punktu).\u00a0<br \/><\/span><span style=\"font-weight: 400;\"><strong>C.<\/strong> Wype\u0142niania wszelkich ci\u0105\u017c\u0105cych na nas obowi\u0105zk\u00f3w prawnych w zwi\u0105zku z podj\u0119t\u0105 wsp\u00f3\u0142prac\u0105 (art. 6 ust. 1 lit. c Rozporz\u0105dzenia), cel ten zwi\u0105zany jest z obowi\u0105zkami prawnymi przechowania okre\u015blonych dokument\u00f3w przez czas wskazany w przepisach prawa, np.:<\/span><\/p><ul><li><span style=\"font-weight: 400;\">Ustawy z 29.09.1994 r. o rachunkowo\u015bci (Dz. U. z 2017 r. poz. 1858);<\/span><\/li><li style=\"font-weight: 400;\" aria-level=\"2\"><span style=\"font-weight: 400;\">Ustawy z dnia 29 sierpnia 1997 r. &#8211; Ordynacja podatkowa (Dz. U. 1997 nr 137 poz. 926);<\/span><\/li><li style=\"font-weight: 400;\" aria-level=\"2\"><span style=\"font-weight: 400;\">Ustawy z dnia 1 marca 2018 r. &#8211; o przeciwdzia\u0142aniu praniu pieni\u0119dzy oraz finansowaniu terroryzmu (Dz. U. 2018 poz. 723).<br \/><br \/><\/span><span style=\"font-weight: 400;\"><strong>D.<\/strong> W celu ewentualnego ustalenia, dochodzenia lub obrony przed roszczeniami, co jest naszym prawnie uzasadnionym interesem (podstawa z art. 6 ust. 1 lit. f) Rozporz\u0105dzenia). Dane b\u0119d\u0105 przetwarzane do czasu przedawnienia roszcze\u0144<br \/><br \/><\/span><span style=\"font-weight: 400;\"><strong>E.<\/strong> W przypadku wyra\u017cenia zgody, Pa\u0144stwa dane b\u0119d\u0105 przetwarzane w granicach i celu wskazanym w wyra\u017conej zgodzie (podstawa z art. 6 ust. 1 lit. a).\u00a0 Dane b\u0119d\u0105 przetwarzane do czasu wycofania zgody<\/span><\/li><\/ul><p><br \/><b><\/b><\/p><h4><b>3. Jakie dane podlegaj\u0105 przetwarzaniu?<\/b><\/h4><p><span style=\"font-weight: 400;\">Do zawarcia umowy wymagamy podania danych na formularzu umowy \/ zam\u00f3wienia (je\u015bli ich Pa\u0144stwo nie podadz\u0105, nie zawrzemy umowy\/ nie wykonamy zam\u00f3wienia). Dodatkowo mo\u017cemy poprosi\u0107 o dane opcjonalne, kt\u00f3re nie maj\u0105 wp\u0142ywu na zawarcie umowy (je\u015bli ich nie otrzymamy, nie b\u0119dziemy mogli, np. dzwoni\u0107 pod numer kontaktowy).<\/span><\/p><p><span style=\"font-weight: 400;\">W trakcie trwania umowy, \u015bwiadcz\u0105c us\u0142ugi, wchodzimy w posiadanie innych Pani\/Pana danych. Pojawienie si\u0119 u nas Pani\/Pana danych osobowych jest konsekwencj\u0105 dzia\u0142ania naszych us\u0142ug, z kt\u00f3rych Pan\/Pani korzysta.\u00a0<\/span><\/p><h4><b>4. Komu zostan\u0105 udost\u0119pnione dane?<\/b><\/h4><p><span style=\"font-weight: 400;\"><strong>A<\/strong>. Organy w\u0142adzy publicznej, w zakresie, w kt\u00f3rym nie otrzymuj\u0105 danych w ramach konkretnego post\u0119powania na podstawie prawa np. w zwi\u0105zku z przeciwdzia\u0142aniem praniu pieni\u0119dzy; <br \/><strong>B. <\/strong><\/span><span style=\"font-weight: 400;\">Podmioty, kt\u00f3re przetwarzaj\u0105 Pana\/Pani dane osobowe w imieniu Fundacji na podstawie zawartej z Fundacj\u0105 umowy powierzania przetwarzania danych osobowych (tzw. podmioty przetwarzaj\u0105ce). B\u0119d\u0105 to, m.in.: Beneficjenci Fundacji, informatycy, firmy archiwizuj\u0105ce, firmy hostingowe;<br \/><\/span><span style=\"font-weight: 400;\"><strong>C<\/strong>. Zewn\u0119trzni administratorzy danych (tzw. R\u00f3wnoleg\u0142y Administrator, kt\u00f3remu dane s\u0105 udost\u0119pniane, np. radcy prawni i adwokaci, podmioty prowadz\u0105ce dzia\u0142alno\u015b\u0107 kuriersk\u0105 lub pocztow\u0105, podmioty nabywaj\u0105ce wierzytelno\u015bci &#8211; w razie niezap\u0142acenia przez Pa\u0144stwa naszych faktur w terminie),<br \/><\/span><span style=\"font-weight: 400;\"><strong>D.<\/strong> Podmioty znajduj\u0105ce si\u0119 poza EOG, lecz tylko wtedy, gdy jest to konieczne i z zapewnieniem odpowiedniego stopnia ochrony, przede wszystkim poprzez:<\/span><\/p><p><span style=\"font-weight: 400;\">a) Wsp\u00f3\u0142prac\u0119 z podmiotami w pa\u0144stwach, w odniesieniu, do kt\u00f3rych zosta\u0142a wydana stosowna decyzja Komisji Europejskiej;<\/span><\/p><p><span style=\"font-weight: 400;\">b) Zastosowanie standardowych klauzul umownych wydanych przez Komisj\u0119 Europejsk\u0105.<\/span><\/p><p><span style=\"font-weight: 400;\">Administrator zawsze informuje o zamiarze przekazania danych osobowych poza EOG na etapie ich zbierania.<\/span><\/p><p><br \/><b><\/b><\/p><h4><b>5. Czy Dane s\u0105 profilowane?<\/b><\/h4><p><span style=\"font-weight: 400;\">Informujemy, i\u017c Pa\u0144stwa dane nie b\u0119d\u0105 podlega\u0107 profilowaniu, czyli zautomatyzowanej analizy Pana\/Pani danych i opracowania przewidywa\u0144 na temat preferencji lub przysz\u0142ych zachowa\u0144 (profilowanie oznacza, np. w przypadku profilowania marketingowego okre\u015blanie, kt\u00f3r\u0105 ofert\u0105 mo\u017ce by\u0107 Pan\/Pani najbardziej zainteresowany\/a w oparciu o wcze\u015bniejsze Pana\/Pani wybory).<\/span><\/p><p><br \/><b><\/b><\/p><h4><b>6. Jakie przys\u0142uguj\u0105 Pa\u0144stwu prawa?<\/b><\/h4><p><span style=\"font-weight: 400;\"><strong>A.<\/strong> Prawo dost\u0119pu do przetwarzanych przez nas danych osobowych (art. 15 Rozporz\u0105dzenia),<br \/><strong>B. <\/strong><\/span><span style=\"font-weight: 400;\">Prawo do sprostowania powierzonych danych osobowych, w tym ich poprawianie (art. 16 Rozporz\u0105dzenia),<br \/><\/span><span style=\"font-weight: 400;\"><strong>C<\/strong>. Prawo do usuni\u0119cia danych osobowych z naszych system\u00f3w tzw. \u201eprawo <\/span><span style=\"font-weight: 400;\"><br \/><\/span><span style=\"font-weight: 400;\">do bycia zapomnianym\u201d &#8211; je\u017celi Pa\u0144stwa zdaniem nie ma podstaw do tego, aby\u015bmy przetwarzali Pa\u0144stwa dane, mog\u0105 Pa\u0144stwo za\u017c\u0105da\u0107, aby\u015bmy je usun\u0119li (art. 17 Rozporz\u0105dzenia),<br \/><\/span><span style=\"font-weight: 400;\"><strong>D.<\/strong> Prawo do ograniczenia przetwarzania danych osobowych &#8211; mog\u0105 Pa\u0144stwo za\u017c\u0105da\u0107, aby\u015bmy ograniczyli przetwarzanie danych osobowych wy\u0142\u0105cznie do ich przechowywania lub wykonywania uzgodnionych z Pa\u0144stwem dzia\u0142a\u0144, je\u017celi posiadamy nieprawid\u0142owe dane na Pa\u0144stwa temat lub przetwarzamy je bezpodstawnie; lub nie chc\u0105 Pa\u0144stwo, \u017ceby\u015bmy je usun\u0119li, bo s\u0105 Pa\u0144stwu potrzebne do ustalenia, dochodzenia lub obrony roszcze\u0144; lub na czas wniesionego przez sprzeciwu wzgl\u0119dem przetwarzania danych (art. 18 Rozporz\u0105dzenia),<br \/><\/span><span style=\"font-weight: 400;\"><strong>E.<\/strong> Prawo do przenoszenia danych \u2013 Maj\u0105 Pa\u0144stwo prawo otrzyma\u0107 od nas w ustrukturyzowanym, powszechnie u\u017cywanym formacie nadaj\u0105cym si\u0119 do odczytu maszynowego (np. format \u201e.csv\u201d) dane osobowe dotycz\u0105ce Pa\u0144stwa, w kt\u00f3rych posiadaniu jeste\u015bmy na podstawie umowy lub wyra\u017conej zgody.\u00a0 Uprawnienie to b\u0119dzie przys\u0142ugiwa\u0142o, gdy b\u0119dziemy posiada\u0107 dane w formacie elektronicznym \u2013 w przypadku posiadania danych jedynie w formie papierowej nie b\u0119d\u0105 Pa\u0144stwo mieli mo\u017cliwo\u015bci skorzystania z tego uprawnienia. Mog\u0105 Pa\u0144stwo zleci\u0107 nam przes\u0142anie tych danych bezpo\u015brednio innemu podmiotowi (art. 20 Rozporz\u0105dzenia),<br \/><\/span><span style=\"font-weight: 400;\"><strong>F.<\/strong> Prawo do cofni\u0119cia zgody na przetwarzanie danych osobowych -w ka\u017cdej chwili maj\u0105 Pa\u0144stwo prawo cofn\u0105\u0107 zgod\u0119 na przetwarzanie danych osobowych, kt\u00f3re przetwarzamy na podstawie zgody \u2013 art. 7 ust. 3 Rozporz\u0105dzenia. Cofni\u0119cie zgody nie b\u0119dzie wp\u0142ywa\u0107 na zgodno\u015b\u0107 z prawem przetwarzania, kt\u00f3rego dokonano na podstawie zgody przed jej wycofaniem. Cofni\u0119cie zgody wyst\u0119puje poprzez wys\u0142anie wiadomo\u015bci mailowej na adres: <\/span><a href=\"mailto:kontakt@annapietryka.pl\"><span style=\"font-weight: 400;\">kontakt@annapietryka.pl<\/span><\/a><span style=\"font-weight: 400;\">.\u00a0<br \/><\/span><span style=\"font-weight: 400;\"><strong>G.<\/strong> Prawo do sprzeciwu &#8211; mo\u017ce Pan\/Pani wnie\u015b\u0107 sprzeciw wobec przetwarzania Pana\/Pani danych, je\u015bli podstaw\u0105 wykorzystania danych jest nasz prawnie uzasadniony interes &#8211; art. 21 Rozporz\u0105dzenia. W takiej sytuacji, po rozpatrzeniu Pa\u0144stwa wniosku, nie b\u0119dziemy ju\u017c mogli przetwarza\u0107 danych osobowych obj\u0119tych sprzeciwem na tej podstawie, chyba, \u017ce wyka\u017cemy, istnienie prawnie uzasadnionych podstaw do przetwarzania danych, kt\u00f3re uznaje si\u0119 za nadrz\u0119dne wobec Pa\u0144stwa interes\u00f3w, praw i wolno\u015bci<br \/><\/span><span style=\"font-weight: 400;\"><strong>H.<\/strong> Je\u017celi w Pa\u0144stwa opinii przetwarzanie danych osobowych narusza przepisy Rozporz\u0105dzenia, przys\u0142uguje Pa\u0144stwu prawo do wniesienia skargi do organu nadzorczego tj. Prezesa Urz\u0119du Ochrony Danych Osobowych<\/span><b><\/b><\/p><h4><b>Kontakt<\/b><\/h4><p><span style=\"font-weight: 400;\">Je\u015bli potrzebujecie Pa\u0144stwo dodatkowych informacji zwi\u0105zanych z ochron\u0105 danych osobowych lub chcecie skorzysta\u0107 z przys\u0142uguj\u0105cych praw, prosimy o kontakt na adres e-mail: <\/span><b>rodo@twojstartup.pl<\/b><\/p><p><br \/><br \/><br \/><\/p>\t\t\t\t\t\t\t\t<\/div>\n\t\t\t\t<\/div>\n\t\t\t\t\t<\/div>\n\t\t\t\t<\/div>\n\t\t\t\t<\/div>\n\t\t","protected":false},"excerpt":{"rendered":"<p>POLITYKA PRYWATNO\u015aCI strona annapietryka.pl Kto jest administratorem pa\u0144stwa danych? Administratorem Pani\/ Pana danych osobowych jest FUNDACJA ROZWOJU PRZEDSI\u0118BIORCZO\u015aCI \u201eTW\u00d3J STARTUP\u201d z siedzib\u0105 w Warszawie (adres siedziby: ul. \u017burawia 6\/12, lok. 766, 00-503 Warszawa). Powy\u017csza polityka prywatno\u015bci dotyczy us\u0142ug Fundacji \u015bwiadczonych przez\u00a0 zorganizowan\u0105 cz\u0119\u015b\u0107 przedsi\u0119biorstwa Anna Pietryka dane kontaktowe: numer telefonu +48 518 175 508, adres&#8230;<\/p>\n","protected":false},"author":1,"featured_media":0,"parent":0,"menu_order":0,"comment_status":"closed","ping_status":"closed","template":"","meta":{"_kad_post_transparent":"","_kad_post_title":"hide","_kad_post_layout":"fullwidth","_kad_post_sidebar_id":"","_kad_post_content_style":"unboxed","_kad_post_vertical_padding":"hide","_kad_post_feature":"hide","_kad_post_feature_position":"","_kad_post_header":false,"_kad_post_footer":false,"footnotes":""},"class_list":["post-48","page","type-page","status-publish","hentry"],"rttpg_featured_image_url":null,"rttpg_author":{"display_name":"Anna Pietryka","author_link":"https:\/\/annapietryka.pl\/?author=1"},"rttpg_comment":0,"rttpg_category":null,"rttpg_excerpt":"POLITYKA PRYWATNO\u015aCI strona annapietryka.pl Kto jest administratorem pa\u0144stwa danych? Administratorem Pani\/ Pana danych osobowych jest FUNDACJA ROZWOJU PRZEDSI\u0118BIORCZO\u015aCI \u201eTW\u00d3J STARTUP\u201d z siedzib\u0105 w Warszawie (adres siedziby: ul. \u017burawia 6\/12, lok. 766, 00-503 Warszawa). Powy\u017csza polityka prywatno\u015bci dotyczy us\u0142ug Fundacji \u015bwiadczonych przez\u00a0 zorganizowan\u0105 cz\u0119\u015b\u0107 przedsi\u0119biorstwa Anna Pietryka dane kontaktowe: numer telefonu +48 518 175 508, adres...","_links":{"self":[{"href":"https:\/\/annapietryka.pl\/index.php?rest_route=\/wp\/v2\/pages\/48","targetHints":{"allow":["GET"]}}],"collection":[{"href":"https:\/\/annapietryka.pl\/index.php?rest_route=\/wp\/v2\/pages"}],"about":[{"href":"https:\/\/annapietryka.pl\/index.php?rest_route=\/wp\/v2\/types\/page"}],"author":[{"embeddable":true,"href":"https:\/\/annapietryka.pl\/index.php?rest_route=\/wp\/v2\/users\/1"}],"replies":[{"embeddable":true,"href":"https:\/\/annapietryka.pl\/index.php?rest_route=%2Fwp%2Fv2%2Fcomments&post=48"}],"version-history":[{"count":28,"href":"https:\/\/annapietryka.pl\/index.php?rest_route=\/wp\/v2\/pages\/48\/revisions"}],"predecessor-version":[{"id":4042,"href":"https:\/\/annapietryka.pl\/index.php?rest_route=\/wp\/v2\/pages\/48\/revisions\/4042"}],"wp:attachment":[{"href":"https:\/\/annapietryka.pl\/index.php?rest_route=%2Fwp%2Fv2%2Fmedia&parent=48"}],"curies":[{"name":"wp","href":"https:\/\/api.w.org\/{rel}","templated":true}]}}