{"id":4029,"date":"2025-08-04T13:43:32","date_gmt":"2025-08-04T11:43:32","guid":{"rendered":"https:\/\/annapietryka.pl\/?page_id=4029"},"modified":"2025-08-04T13:44:54","modified_gmt":"2025-08-04T11:44:54","slug":"polityka-cookies","status":"publish","type":"page","link":"https:\/\/annapietryka.pl\/?page_id=4029","title":{"rendered":"Polityka Cookies"},"content":{"rendered":"\t\t<div data-elementor-type=\"wp-page\" data-elementor-id=\"4029\" class=\"elementor elementor-4029\" data-elementor-post-type=\"page\">\n\t\t\t\t<div class=\"elementor-element elementor-element-ba87370 e-flex e-con-boxed e-con e-parent\" data-id=\"ba87370\" data-element_type=\"container\">\n\t\t\t\t\t<div class=\"e-con-inner\">\n\t\t\t\t<div class=\"elementor-element elementor-element-ef4a9d6 elementor-widget elementor-widget-heading\" data-id=\"ef4a9d6\" data-element_type=\"widget\" data-widget_type=\"heading.default\">\n\t\t\t\t<div class=\"elementor-widget-container\">\n\t\t\t\t\t<h2 class=\"elementor-heading-title elementor-size-default\">Polityka Cookies<\/h2>\t\t\t\t<\/div>\n\t\t\t\t<\/div>\n\t\t\t\t<div class=\"elementor-element elementor-element-015e520 elementor-widget elementor-widget-text-editor\" data-id=\"015e520\" data-element_type=\"widget\" data-widget_type=\"text-editor.default\">\n\t\t\t\t<div class=\"elementor-widget-container\">\n\t\t\t\t\t\t\t\t\t<p>\u00a0<\/p><p><span style=\"font-weight: 400;\">Cookies stanowi\u0105 pliki tekstowe i powstaj\u0105 one w spos\u00f3b automatyczny za pomoc\u0105 przegl\u0105darek internetowych w momencie odwiedzania lub korzystania ze stron internetowych. S\u0105 one wysy\u0142ane przez stron\u0119 internetow\u0105 i zapisywane na urz\u0105dzeniu u\u017cytkownika. Za ich pomoc\u0105 administrator otrzymuje informacje pozwalaj\u0105ce mi\u0119dzy innymi na umo\u017cliwienie prawid\u0142owego dzia\u0142ania strony, zapewnienie bezpiecze\u0144stwa a tak\u017ce usprawnienie jej dzia\u0142ania.<\/span><\/p><p><b>Administrator Danych<\/b><\/p><p><span style=\"font-weight: 400;\">Administratorem danych osobowych jest FUNDACJA ROZWOJU PRZEDSI\u0118BIORCZO\u015aCI \u201eTW\u00d3J STARTUP\u201d z siedzib\u0105 w Warszawie (adres siedziby: ul. \u017burawia 6\/12, lok. 766, 00-503 Warszawa), wpisana do Rejestru Przedsi\u0119biorc\u00f3w Krajowego Rejestru S\u0105dowego przez S\u0105d Rejonowy dla m.st. Warszawy w Warszawie, XII Wydzia\u0142 Gospodarczy KRS pod numerem 0000442857; NIP: 5213641211; REGON: 146433467, dane kontaktowe: numer telefonu +48 518 175 508, adres e-mail: kontakt@annapietryka.pl w zwi\u0105zku z realizowan\u0105\u00a0 przez Anna Pietryka zorganizowan\u0105 cz\u0119\u015bci\u0105 przedsi\u0119biorstwa o nazwie Anna Pietryka.<\/span><\/p><p><b>Rodzaje plik\u00f3w cookies<\/b><\/p><p><span style=\"font-weight: 400;\">W ramach naszych stron internetowych wykorzystujemy nast\u0119puj\u0105ce rodzaje plik\u00f3w cookies:<\/span><\/p><p><b>Niezb\u0119dne\/Techniczne: <\/b><span style=\"font-weight: 400;\">Niniejsze pliki s\u0105 konieczne dla prawid\u0142owego funkcjonowania strony internetowej. Pliki te s\u0105 instalowane w szczeg\u00f3lno\u015bci na potrzeby zapami\u0119tywania sesji logowania lub wype\u0142niania formularzy, a tak\u017ce w celu zapami\u0119tania czy zosta\u0142e\u015b poinformowany o wykorzystywaniu plik\u00f3w cookies.\u00a0<\/span><\/p><p><b>Funkcjonalne: <\/b><span style=\"font-weight: 400;\">Zapami\u0119tuj\u0105 i dostosowuj\u0105 platform\u0119 do Twoich wybor\u00f3w, np. pozwalaj\u0105 na automatyczne uzupe\u0142nienie adresu e-mail, z kt\u00f3rego ostatnio logowano si\u0119 w ramach platformy.<\/span><\/p><p><b>Analityczne<\/b><span style=\"font-weight: 400;\">: Pozwalaj\u0105 na sprawdzenie liczby wizyt i \u017ar\u00f3de\u0142 ruchu. Za ich pomoc\u0105 jeste\u015bmy w stanie ustali\u0107 kt\u00f3re strony ciesz\u0105 si\u0119 popularno\u015bci\u0105 a kt\u00f3re nie. Za ich pomoc\u0105 badamy statystyki i poprawiamy wydajno\u015b\u0107 naszych stron. W ramach naszych stron korzystamy mi\u0119dzy innymi z rozwi\u0105za\u0144 firmy Google, Mailerchimp oraz Hotjar.<\/span><\/p><p><b>Marketingowych <\/b><span style=\"font-weight: 400;\">&#8211; Pozwalaj\u0105 na dopasowanie wy\u015bwietlanych tre\u015bci reklamowych do zainteresowa\u0144 u\u017cytkownika, nie tylko w ramach naszego portalu, ale te\u017c poza nim. Mog\u0105 by\u0107 instalowane przez partner\u00f3w reklamowych. Na podstawie informacji z tych plik\u00f3w cookie i aktywno\u015bci w innych serwisach jest budowany profil zainteresowa\u0144 u\u017cytkownika.<\/span><\/p><p><b>Pliki cookies portali spo\u0142eczno\u015bciowych: <\/b><span style=\"font-weight: 400;\">S\u0105 to pliki cookie instalowane przez naszych partner\u00f3w, \u017ceby dopasowywa\u0107 wy\u015bwietlane tre\u015bci reklamowe w mediach spo\u0142eczno\u015bciowych. Na ich podstawie budowany jest profil zainteresowa\u0144 u\u017cytkownika. Dzi\u0119ki temu wy\u015bwietlane tre\u015bci s\u0105 dopasowane do indywidualnych potrzeb u\u017cytkownika.\u00a0<\/span><\/p><p><b>Czas Przechowywania plik\u00f3w Cookies<\/b><\/p><p><span style=\"font-weight: 400;\">Sesyjne &#8211; s\u0105 przechowywane na u\u017cytkowanym urz\u0105dzeniu do czasu opuszczenia strony, np. poprzez wy\u0142\u0105czenie przegl\u0105darki internetowej.<\/span><\/p><p><span style=\"font-weight: 400;\">Sta\u0142e &#8211; istniej\u0105 do czasu ich r\u0119cznego usuni\u0119cia b\u0105d\u017a up\u0142yni\u0119cia okre\u015blonego w przegl\u0105darce czasu.<\/span><\/p><p><b>Rodzaj zbieranych danych<\/b><\/p><p><span style=\"font-weight: 400;\">Zaliczamy do nich:<\/span><\/p><ul><li style=\"font-weight: 400;\" aria-level=\"1\"><span style=\"font-weight: 400;\">adres IP urz\u0105dzenia z kt\u00f3rego korzysta u\u017cytkownik<\/span><\/li><li style=\"font-weight: 400;\" aria-level=\"1\"><span style=\"font-weight: 400;\">typ urz\u0105dzenia<\/span><\/li><li style=\"font-weight: 400;\" aria-level=\"1\"><span style=\"font-weight: 400;\">czas przebywania na stronie<\/span><\/li><li style=\"font-weight: 400;\" aria-level=\"1\"><span style=\"font-weight: 400;\">podj\u0119te czynno\u015bci na stronie<\/span><\/li><li style=\"font-weight: 400;\" aria-level=\"1\"><span style=\"font-weight: 400;\">lokalizacj\u0119 z kt\u00f3rej dokonywane jest po\u0142\u0105czenie<\/span><\/li><\/ul><p><b>Spos\u00f3b wycofania zgody<\/b><\/p><p><span style=\"font-weight: 400;\">N<\/span><span style=\"font-weight: 400;\">iekt\u00f3re ciasteczka s\u0105 pobierane przez przegl\u0105dark\u0119 internetow\u0105 w chwili wej\u015bcia na stron\u0119 internetow\u0105. W celu zablokowania mo\u017cliwo\u015bci pobierania ciasteczek nale\u017cy zastosowa\u0107 metod\u0119 istniej\u0105c\u0105 dla danej przegl\u0105darki internetowej:<\/span><\/p><ul><li style=\"font-weight: 400;\" aria-level=\"1\"><a href=\"https:\/\/support.mozilla.org\/pl\/kb\/wzmocniona-ochrona-przed-sledzeniem-firefox-desktop?redirectslug=W%C5%82%C4%85czanie+i+wy%C5%82%C4%85czanie+obs%C5%82ugi+ciasteczek&amp;redirectlocale=pl\"><span style=\"font-weight: 400;\">Firefox<\/span><\/a><\/li><li style=\"font-weight: 400;\" aria-level=\"1\"><a href=\"https:\/\/support.google.com\/accounts\/answer\/61416?co=GENIE.Platform%3DDesktop&amp;hl=pl\"><span style=\"font-weight: 400;\">Chrome<\/span><\/a><\/li><li style=\"font-weight: 400;\" aria-level=\"1\"><a href=\"https:\/\/support.microsoft.com\/pl-pl\/help\/17442\/windows-internet-explorer-delete-manage-cookies\"><span style=\"font-weight: 400;\">Microsoft Edge<\/span><\/a><\/li><li style=\"font-weight: 400;\" aria-level=\"1\"><a href=\"https:\/\/support.apple.com\/pl-pl\/HT201265\"><span style=\"font-weight: 400;\">Safari<\/span><\/a><\/li><\/ul><p><span style=\"font-weight: 400;\">Brak mo\u017cliwo\u015bci zapisywania\/odczytywania plik\u00f3w cookies mo\u017ce skutkowa\u0107 niepe\u0142nym i niepoprawnym dzia\u0142aniem strony internetowej, jednak\u017ce korzystanie ze strony b\u0119dzie nadal mo\u017cliwe.<\/span><\/p><p><b>Kontakt<\/b><\/p><p><span style=\"font-weight: 400;\">W przypadku pyta\u0144 dotycz\u0105cych przetwarzania danych osobowych lub woli skorzystania z przys\u0142uguj\u0105cych praw, mo\u017cna skontaktowa\u0107 si\u0119 z nami pod adresami wskazanymi w punkcie \u201c<\/span><b>Administrator danych<\/b><span style=\"font-weight: 400;\">\u201d<\/span><\/p><p><span style=\"font-weight: 400;\">Ponadto informacje o nas i przys\u0142uguj\u0105cych Tobie prawach, mo\u017cna znale\u017a\u0107 pod wskazanym adresem: kontakt@annapietryka.pl<\/span><\/p><p><span style=\"font-weight: 400;\">W przypadku naruszenia przepis\u00f3w o ochronie danych osobowych, masz prawo do zg\u0142oszenia skargi do Prezesa Urz\u0119du Ochrony Danych Osobowych pod adresem <\/span><a href=\"https:\/\/uodo.gov.pl\/\"><span style=\"font-weight: 400;\">https:\/\/uodo.gov.pl\/<\/span><\/a><\/p><p><br \/><br \/><br \/><\/p>\t\t\t\t\t\t\t\t<\/div>\n\t\t\t\t<\/div>\n\t\t\t\t\t<\/div>\n\t\t\t\t<\/div>\n\t\t\t\t<\/div>\n\t\t","protected":false},"excerpt":{"rendered":"<p>Polityka Cookies \u00a0 Cookies stanowi\u0105 pliki tekstowe i powstaj\u0105 one w spos\u00f3b automatyczny za pomoc\u0105 przegl\u0105darek internetowych w momencie odwiedzania lub korzystania ze stron internetowych. S\u0105 one wysy\u0142ane przez stron\u0119 internetow\u0105 i zapisywane na urz\u0105dzeniu u\u017cytkownika. Za ich pomoc\u0105 administrator otrzymuje informacje pozwalaj\u0105ce mi\u0119dzy innymi na umo\u017cliwienie prawid\u0142owego dzia\u0142ania strony, zapewnienie bezpiecze\u0144stwa a tak\u017ce usprawnienie&#8230;<\/p>\n","protected":false},"author":1,"featured_media":0,"parent":0,"menu_order":0,"comment_status":"closed","ping_status":"closed","template":"","meta":{"_kad_post_transparent":"","_kad_post_title":"hide","_kad_post_layout":"fullwidth","_kad_post_sidebar_id":"","_kad_post_content_style":"unboxed","_kad_post_vertical_padding":"hide","_kad_post_feature":"hide","_kad_post_feature_position":"","_kad_post_header":false,"_kad_post_footer":false,"footnotes":""},"class_list":["post-4029","page","type-page","status-publish","hentry"],"rttpg_featured_image_url":null,"rttpg_author":{"display_name":"Anna Pietryka","author_link":"https:\/\/annapietryka.pl\/?author=1"},"rttpg_comment":0,"rttpg_category":null,"rttpg_excerpt":"Polityka Cookies \u00a0 Cookies stanowi\u0105 pliki tekstowe i powstaj\u0105 one w spos\u00f3b automatyczny za pomoc\u0105 przegl\u0105darek internetowych w momencie odwiedzania lub korzystania ze stron internetowych. S\u0105 one wysy\u0142ane przez stron\u0119 internetow\u0105 i zapisywane na urz\u0105dzeniu u\u017cytkownika. Za ich pomoc\u0105 administrator otrzymuje informacje pozwalaj\u0105ce mi\u0119dzy innymi na umo\u017cliwienie prawid\u0142owego dzia\u0142ania strony, zapewnienie bezpiecze\u0144stwa a tak\u017ce usprawnienie...","_links":{"self":[{"href":"https:\/\/annapietryka.pl\/index.php?rest_route=\/wp\/v2\/pages\/4029","targetHints":{"allow":["GET"]}}],"collection":[{"href":"https:\/\/annapietryka.pl\/index.php?rest_route=\/wp\/v2\/pages"}],"about":[{"href":"https:\/\/annapietryka.pl\/index.php?rest_route=\/wp\/v2\/types\/page"}],"author":[{"embeddable":true,"href":"https:\/\/annapietryka.pl\/index.php?rest_route=\/wp\/v2\/users\/1"}],"replies":[{"embeddable":true,"href":"https:\/\/annapietryka.pl\/index.php?rest_route=%2Fwp%2Fv2%2Fcomments&post=4029"}],"version-history":[{"count":4,"href":"https:\/\/annapietryka.pl\/index.php?rest_route=\/wp\/v2\/pages\/4029\/revisions"}],"predecessor-version":[{"id":4033,"href":"https:\/\/annapietryka.pl\/index.php?rest_route=\/wp\/v2\/pages\/4029\/revisions\/4033"}],"wp:attachment":[{"href":"https:\/\/annapietryka.pl\/index.php?rest_route=%2Fwp%2Fv2%2Fmedia&parent=4029"}],"curies":[{"name":"wp","href":"https:\/\/api.w.org\/{rel}","templated":true}]}}