{"id":38,"date":"2024-03-28T13:49:41","date_gmt":"2024-03-28T12:49:41","guid":{"rendered":"https:\/\/annapietryka.pl\/?page_id=38"},"modified":"2025-09-29T20:22:23","modified_gmt":"2025-09-29T18:22:23","slug":"o-mnie","status":"publish","type":"page","link":"https:\/\/annapietryka.pl\/?page_id=38","title":{"rendered":"O mnie"},"content":{"rendered":"\t\t<div data-elementor-type=\"wp-page\" data-elementor-id=\"38\" class=\"elementor elementor-38\" data-elementor-post-type=\"page\">\n\t\t\t\t<div class=\"elementor-element elementor-element-960f0fc e-flex e-con-boxed e-con e-parent\" data-id=\"960f0fc\" data-element_type=\"container\" data-settings=\"{&quot;background_background&quot;:&quot;classic&quot;}\">\n\t\t\t\t\t<div class=\"e-con-inner\">\n\t\t<div class=\"elementor-element elementor-element-99bcb4a e-flex e-con-boxed e-con e-child\" data-id=\"99bcb4a\" data-element_type=\"container\">\n\t\t\t\t\t<div class=\"e-con-inner\">\n\t\t\t\t<div class=\"elementor-element elementor-element-5f804c2 elementor-widget elementor-widget-heading\" data-id=\"5f804c2\" data-element_type=\"widget\" data-widget_type=\"heading.default\">\n\t\t\t\t<div class=\"elementor-widget-container\">\n\t\t\t\t\t<h2 class=\"elementor-heading-title elementor-size-default\">O MNIE <\/h2>\t\t\t\t<\/div>\n\t\t\t\t<\/div>\n\t\t\t\t<div class=\"elementor-element elementor-element-f4ac4f4 elementor-widget elementor-widget-heading\" data-id=\"f4ac4f4\" data-element_type=\"widget\" data-widget_type=\"heading.default\">\n\t\t\t\t<div class=\"elementor-widget-container\">\n\t\t\t\t\t<h2 class=\"elementor-heading-title elementor-size-default\">Poznajmy si\u0119 bli\u017cej!<\/h2>\t\t\t\t<\/div>\n\t\t\t\t<\/div>\n\t\t\t\t\t<\/div>\n\t\t\t\t<\/div>\n\t\t\t\t\t<\/div>\n\t\t\t\t<\/div>\n\t\t<div class=\"elementor-element elementor-element-f93e9d9 e-con-full e-flex e-con e-parent\" data-id=\"f93e9d9\" data-element_type=\"container\" data-settings=\"{&quot;background_background&quot;:&quot;classic&quot;}\">\n\t\t<div class=\"elementor-element elementor-element-259fb8d e-con-full e-flex e-con e-child\" data-id=\"259fb8d\" data-element_type=\"container\">\n\t\t\t\t<div class=\"elementor-element elementor-element-0ae0f68 elementor-widget elementor-widget-image\" data-id=\"0ae0f68\" data-element_type=\"widget\" data-widget_type=\"image.default\">\n\t\t\t\t<div class=\"elementor-widget-container\">\n\t\t\t\t\t\t\t\t\t\t\t\t\t\t\t<img fetchpriority=\"high\" decoding=\"async\" width=\"683\" height=\"1024\" src=\"https:\/\/annapietryka.pl\/wp-content\/uploads\/2024\/03\/a6bd7b35-220d-4624-ac7a-fc0213f10357-683x1024.jpg\" class=\"attachment-large size-large wp-image-390\" alt=\"\" srcset=\"https:\/\/annapietryka.pl\/wp-content\/uploads\/2024\/03\/a6bd7b35-220d-4624-ac7a-fc0213f10357-683x1024.jpg 683w, https:\/\/annapietryka.pl\/wp-content\/uploads\/2024\/03\/a6bd7b35-220d-4624-ac7a-fc0213f10357-scaled-600x900.jpg 600w, https:\/\/annapietryka.pl\/wp-content\/uploads\/2024\/03\/a6bd7b35-220d-4624-ac7a-fc0213f10357-200x300.jpg 200w, https:\/\/annapietryka.pl\/wp-content\/uploads\/2024\/03\/a6bd7b35-220d-4624-ac7a-fc0213f10357-768x1152.jpg 768w, https:\/\/annapietryka.pl\/wp-content\/uploads\/2024\/03\/a6bd7b35-220d-4624-ac7a-fc0213f10357-1024x1536.jpg 1024w, https:\/\/annapietryka.pl\/wp-content\/uploads\/2024\/03\/a6bd7b35-220d-4624-ac7a-fc0213f10357-1365x2048.jpg 1365w, https:\/\/annapietryka.pl\/wp-content\/uploads\/2024\/03\/a6bd7b35-220d-4624-ac7a-fc0213f10357-scaled.jpg 1707w\" sizes=\"(max-width: 683px) 100vw, 683px\" \/>\t\t\t\t\t\t\t\t\t\t\t\t\t\t\t<\/div>\n\t\t\t\t<\/div>\n\t\t\t\t<\/div>\n\t\t<div class=\"elementor-element elementor-element-37c32ee e-con-full e-flex e-con e-child\" data-id=\"37c32ee\" data-element_type=\"container\">\n\t\t\t\t<div class=\"elementor-element elementor-element-f9288f4 elementor-widget elementor-widget-text-editor\" data-id=\"f9288f4\" data-element_type=\"widget\" data-widget_type=\"text-editor.default\">\n\t\t\t\t<div class=\"elementor-widget-container\">\n\t\t\t\t\t\t\t\t\t<p><b>Mam na imi\u0119 Ania\u00a0<\/b><\/p>\t\t\t\t\t\t\t\t<\/div>\n\t\t\t\t<\/div>\n\t\t\t\t<div class=\"elementor-element elementor-element-e36e689 elementor-widget elementor-widget-text-editor\" data-id=\"e36e689\" data-element_type=\"widget\" data-widget_type=\"text-editor.default\">\n\t\t\t\t<div class=\"elementor-widget-container\">\n\t\t\t\t\t\t\t\t\t<p><span style=\"font-weight: 400;\">Zajmuj\u0119 si\u0119 wspieraniem przedsi\u0119biorc\u00f3w we wdra\u017caniu i obs\u0142udze narz\u0119dzi b\u0119d\u0105cych fundamentem biznesu online. Buduj\u0119 techniczne zaplecze firm od podstaw, podpowiadam, z jakich narz\u0119dzi warto skorzysta\u0107 i pomagam w obs\u0142udze i zarz\u0105dzaniu procesami u\u0142atwiaj\u0105cymi automatyzacj\u0119. Jestem skuteczna, ch\u0119tnie si\u0119 ucz\u0119 i aktywnie szukam rozwi\u0105za\u0144.<\/span><\/p>\t\t\t\t\t\t\t\t<\/div>\n\t\t\t\t<\/div>\n\t\t\t\t<div class=\"elementor-element elementor-element-45f983d elementor-widget elementor-widget-text-editor\" data-id=\"45f983d\" data-element_type=\"widget\" data-widget_type=\"text-editor.default\">\n\t\t\t\t<div class=\"elementor-widget-container\">\n\t\t\t\t\t\t\t\t\t<p><b>Moja droga w onlajnach\u00a0<\/b><\/p>\t\t\t\t\t\t\t\t<\/div>\n\t\t\t\t<\/div>\n\t\t\t\t<div class=\"elementor-element elementor-element-33a4bc1 elementor-widget elementor-widget-text-editor\" data-id=\"33a4bc1\" data-element_type=\"widget\" data-widget_type=\"text-editor.default\">\n\t\t\t\t<div class=\"elementor-widget-container\">\n\t\t\t\t\t\t\t\t\t<p>Zanim zacz\u0119\u0142am prac\u0119 online przez 12 lat wspiera\u0142am jako kierownik ds. HR wielkie korporacje czyli Tesco czy Carrefour.\u00a0<br \/><br \/>W 2019 roku stwierdzi\u0142am jednak, \u017ce czas zmieni\u0107 moj\u0105 drog\u0119 zawodow\u0105. Pad\u0142o na wirtualn\u0105 asyst\u0119. <span style=\"font-weight: 400;\">Pocz\u0105tkowo wykonywa\u0142am typowe zadania organizacyjne i administracyjne. Jednocze\u015bnie obserwowa\u0142am zapotrzebowanie rynku i rozszerza\u0142am swoje umiej\u0119tno\u015bci z zakresu obs\u0142ugi technicznej narz\u0119dzi wykorzystywanych w firmach dzia\u0142aj\u0105cych online. <\/span><\/p><p><span style=\"font-weight: 400;\">Dzi\u015b mog\u0119 powiedzie\u0107, \u017ce biegle poruszam si\u0119 w WordPressie, jestem ekspertk\u0105 w dziedzinie newsletter\u00f3w, landing page\u2019y czy platform kursowych. I ci\u0105gle si\u0119 rozwijam! \u015aledz\u0119 trendy, obserwuj\u0119 wirtualny \u015bwiat tw\u00f3rc\u00f3w i przedsi\u0119biorc\u00f3w, aby by\u0107 na bie\u017c\u0105co i najlepiej wspiera\u0107 moich klient\u00f3w w budowaniu oryginalnych strategii i skutecznym wykorzystywaniu technologii.<\/span><\/p><p><br style=\"font-weight: 400;\" \/><br style=\"font-weight: 400;\" \/><\/p>\t\t\t\t\t\t\t\t<\/div>\n\t\t\t\t<\/div>\n\t\t\t\t<\/div>\n\t\t\t\t<\/div>\n\t\t<div class=\"elementor-element elementor-element-67d3666 e-con-full e-flex e-con e-parent\" data-id=\"67d3666\" data-element_type=\"container\" data-settings=\"{&quot;background_background&quot;:&quot;classic&quot;}\">\n\t\t<div class=\"elementor-element elementor-element-a1335d1 e-con-full e-flex e-con e-child\" data-id=\"a1335d1\" data-element_type=\"container\">\n\t\t\t\t<div class=\"elementor-element elementor-element-2d66594 elementor-widget elementor-widget-text-editor\" data-id=\"2d66594\" data-element_type=\"widget\" data-widget_type=\"text-editor.default\">\n\t\t\t\t<div class=\"elementor-widget-container\">\n\t\t\t\t\t\t\t\t\t<p>Moje talenty Gallupa<\/p>\t\t\t\t\t\t\t\t<\/div>\n\t\t\t\t<\/div>\n\t\t\t\t<div class=\"elementor-element elementor-element-3f3f133 elementor-widget elementor-widget-text-editor\" data-id=\"3f3f133\" data-element_type=\"widget\" data-widget_type=\"text-editor.default\">\n\t\t\t\t<div class=\"elementor-widget-container\">\n\t\t\t\t\t\t\t\t\t<p><span style=\"font-weight: 400;\">CZYM S\u0104 TALENTY GALLUPA?<br \/><\/span><span style=\"font-weight: 400;\">Talenty Gallupa to naturalnie powtarzaj\u0105cy si\u0119 wzorzec my\u015blenia, odczuwania czy zachowania, kt\u00f3ry mo\u017ce by\u0107 produktywnie wykorzystany<\/span><\/p>\t\t\t\t\t\t\t\t<\/div>\n\t\t\t\t<\/div>\n\t\t\t\t<div class=\"elementor-element elementor-element-e2b5adc elementor-widget elementor-widget-accordion\" data-id=\"e2b5adc\" data-element_type=\"widget\" data-widget_type=\"accordion.default\">\n\t\t\t\t<div class=\"elementor-widget-container\">\n\t\t\t\t\t\t\t<div class=\"elementor-accordion\">\n\t\t\t\t\t\t\t<div class=\"elementor-accordion-item\">\n\t\t\t\t\t<div id=\"elementor-tab-title-2371\" class=\"elementor-tab-title\" data-tab=\"1\" role=\"button\" aria-controls=\"elementor-tab-content-2371\" aria-expanded=\"false\">\n\t\t\t\t\t\t\t\t\t\t\t\t\t<span class=\"elementor-accordion-icon elementor-accordion-icon-left\" aria-hidden=\"true\">\n\t\t\t\t\t\t\t\t\t\t\t\t\t\t\t<span class=\"elementor-accordion-icon-closed\"><svg class=\"e-font-icon-svg e-fas-plus\" viewBox=\"0 0 448 512\" xmlns=\"http:\/\/www.w3.org\/2000\/svg\"><path d=\"M416 208H272V64c0-17.67-14.33-32-32-32h-32c-17.67 0-32 14.33-32 32v144H32c-17.67 0-32 14.33-32 32v32c0 17.67 14.33 32 32 32h144v144c0 17.67 14.33 32 32 32h32c17.67 0 32-14.33 32-32V304h144c17.67 0 32-14.33 32-32v-32c0-17.67-14.33-32-32-32z\"><\/path><\/svg><\/span>\n\t\t\t\t\t\t\t\t<span class=\"elementor-accordion-icon-opened\"><svg class=\"e-font-icon-svg e-fas-minus\" viewBox=\"0 0 448 512\" xmlns=\"http:\/\/www.w3.org\/2000\/svg\"><path d=\"M416 208H32c-17.67 0-32 14.33-32 32v32c0 17.67 14.33 32 32 32h384c17.67 0 32-14.33 32-32v-32c0-17.67-14.33-32-32-32z\"><\/path><\/svg><\/span>\n\t\t\t\t\t\t\t\t\t\t\t\t\t\t<\/span>\n\t\t\t\t\t\t\t\t\t\t\t\t<a class=\"elementor-accordion-title\" tabindex=\"0\">UCZENIE SI\u0118 (LEARNER)<\/a>\n\t\t\t\t\t<\/div>\n\t\t\t\t\t<div id=\"elementor-tab-content-2371\" class=\"elementor-tab-content elementor-clearfix\" data-tab=\"1\" role=\"region\" aria-labelledby=\"elementor-tab-title-2371\"><p><span style=\"font-weight: 400;\">Osoby z talentem uczenia si\u0119 determinuje nieustanna potrzeba doskonalenia i edukacji. Czerpi\u0105 ogromn\u0105 rado\u015b\u0107 z samego procesu zdobywania wiedzy. S\u0105 czynne umys\u0142owo, intelektualnie i otwarte na nowe do\u015bwiadczenia zdobywane podczas nauki. S\u0105 zaradnymi przedsi\u0119biorcami, cenionymi pracownikami i cz\u0142onkami zespo\u0142u. Szybko zdobywaj\u0105 wiedz\u0119, kt\u00f3ra pozwala im pokonywa\u0107 przeciwno\u015bci.<\/span><br style=\"font-weight: 400;\" \/><br \/><\/p><\/div>\n\t\t\t\t<\/div>\n\t\t\t\t\t\t\t<div class=\"elementor-accordion-item\">\n\t\t\t\t\t<div id=\"elementor-tab-title-2372\" class=\"elementor-tab-title\" data-tab=\"2\" role=\"button\" aria-controls=\"elementor-tab-content-2372\" aria-expanded=\"false\">\n\t\t\t\t\t\t\t\t\t\t\t\t\t<span class=\"elementor-accordion-icon elementor-accordion-icon-left\" aria-hidden=\"true\">\n\t\t\t\t\t\t\t\t\t\t\t\t\t\t\t<span class=\"elementor-accordion-icon-closed\"><svg class=\"e-font-icon-svg e-fas-plus\" viewBox=\"0 0 448 512\" xmlns=\"http:\/\/www.w3.org\/2000\/svg\"><path d=\"M416 208H272V64c0-17.67-14.33-32-32-32h-32c-17.67 0-32 14.33-32 32v144H32c-17.67 0-32 14.33-32 32v32c0 17.67 14.33 32 32 32h144v144c0 17.67 14.33 32 32 32h32c17.67 0 32-14.33 32-32V304h144c17.67 0 32-14.33 32-32v-32c0-17.67-14.33-32-32-32z\"><\/path><\/svg><\/span>\n\t\t\t\t\t\t\t\t<span class=\"elementor-accordion-icon-opened\"><svg class=\"e-font-icon-svg e-fas-minus\" viewBox=\"0 0 448 512\" xmlns=\"http:\/\/www.w3.org\/2000\/svg\"><path d=\"M416 208H32c-17.67 0-32 14.33-32 32v32c0 17.67 14.33 32 32 32h384c17.67 0 32-14.33 32-32v-32c0-17.67-14.33-32-32-32z\"><\/path><\/svg><\/span>\n\t\t\t\t\t\t\t\t\t\t\t\t\t\t<\/span>\n\t\t\t\t\t\t\t\t\t\t\t\t<a class=\"elementor-accordion-title\" tabindex=\"0\">WSP\u00d3\u0141ZALE\u017bNO\u015a\u0106 (CONECTEDNESS)<\/a>\n\t\t\t\t\t<\/div>\n\t\t\t\t\t<div id=\"elementor-tab-content-2372\" class=\"elementor-tab-content elementor-clearfix\" data-tab=\"2\" role=\"region\" aria-labelledby=\"elementor-tab-title-2372\"><p><span style=\"font-weight: 400;\">Wsp\u00f3\u0142zale\u017cno\u015b\u0107 jest cech\u0105, kt\u00f3ra pozwala widzie\u0107 \u015bwiat jako z\u0142o\u017con\u0105 ca\u0142o\u015b\u0107. Jej posiadacze wiedz\u0105, \u017ce ka\u017cda jednostka kszta\u0142tuje si\u0119 w relacji z inn\u0105, jej czyny oddzia\u0142ywaj\u0105 nie tylko na ludzi, ale i \u015bwiat, jaki j\u0105 otacza. Wszystko jest od siebie zale\u017cne, a Wszech\u015bwiat to zbi\u00f3r naczy\u0144 po\u0142\u0105czonych. Osoby z tym talentem czuj\u0105 za wszystko, co robi\u0105 wiedz\u0105c, \u017ce nawet pojedynczym czynem wp\u0142ywaj\u0105 na losy szerszego og\u00f3\u0142u.<\/span><\/p><\/div>\n\t\t\t\t<\/div>\n\t\t\t\t\t\t\t<div class=\"elementor-accordion-item\">\n\t\t\t\t\t<div id=\"elementor-tab-title-2373\" class=\"elementor-tab-title\" data-tab=\"3\" role=\"button\" aria-controls=\"elementor-tab-content-2373\" aria-expanded=\"false\">\n\t\t\t\t\t\t\t\t\t\t\t\t\t<span class=\"elementor-accordion-icon elementor-accordion-icon-left\" aria-hidden=\"true\">\n\t\t\t\t\t\t\t\t\t\t\t\t\t\t\t<span class=\"elementor-accordion-icon-closed\"><svg class=\"e-font-icon-svg e-fas-plus\" viewBox=\"0 0 448 512\" xmlns=\"http:\/\/www.w3.org\/2000\/svg\"><path d=\"M416 208H272V64c0-17.67-14.33-32-32-32h-32c-17.67 0-32 14.33-32 32v144H32c-17.67 0-32 14.33-32 32v32c0 17.67 14.33 32 32 32h144v144c0 17.67 14.33 32 32 32h32c17.67 0 32-14.33 32-32V304h144c17.67 0 32-14.33 32-32v-32c0-17.67-14.33-32-32-32z\"><\/path><\/svg><\/span>\n\t\t\t\t\t\t\t\t<span class=\"elementor-accordion-icon-opened\"><svg class=\"e-font-icon-svg e-fas-minus\" viewBox=\"0 0 448 512\" xmlns=\"http:\/\/www.w3.org\/2000\/svg\"><path d=\"M416 208H32c-17.67 0-32 14.33-32 32v32c0 17.67 14.33 32 32 32h384c17.67 0 32-14.33 32-32v-32c0-17.67-14.33-32-32-32z\"><\/path><\/svg><\/span>\n\t\t\t\t\t\t\t\t\t\t\t\t\t\t<\/span>\n\t\t\t\t\t\t\t\t\t\t\t\t<a class=\"elementor-accordion-title\" tabindex=\"0\">MAKSYMALIZM (MAXIMIZER)<\/a>\n\t\t\t\t\t<\/div>\n\t\t\t\t\t<div id=\"elementor-tab-content-2373\" class=\"elementor-tab-content elementor-clearfix\" data-tab=\"3\" role=\"region\" aria-labelledby=\"elementor-tab-title-2373\"><p><span style=\"font-weight: 400;\">Maksymalista stale d\u0105\u017cy do doskona\u0142o\u015bci. Nie opiera si\u0119 na p\u00f3\u0142\u015brodkach maj\u0105c \u015bwiadomo\u015b\u0107, \u017ce tylko wykorzystanie swoich mocnych stron gwarantuje perfekcj\u0119. Starannie dobiera projekty, kt\u00f3rych si\u0119 podejmuje, jak i ludzi, kt\u00f3rymi si\u0119 otacza. Celuje w swoich decyzjach wysoko i dociera do obranego celu.<\/span><\/p><\/div>\n\t\t\t\t<\/div>\n\t\t\t\t\t\t\t<div class=\"elementor-accordion-item\">\n\t\t\t\t\t<div id=\"elementor-tab-title-2374\" class=\"elementor-tab-title\" data-tab=\"4\" role=\"button\" aria-controls=\"elementor-tab-content-2374\" aria-expanded=\"false\">\n\t\t\t\t\t\t\t\t\t\t\t\t\t<span class=\"elementor-accordion-icon elementor-accordion-icon-left\" aria-hidden=\"true\">\n\t\t\t\t\t\t\t\t\t\t\t\t\t\t\t<span class=\"elementor-accordion-icon-closed\"><svg class=\"e-font-icon-svg e-fas-plus\" viewBox=\"0 0 448 512\" xmlns=\"http:\/\/www.w3.org\/2000\/svg\"><path d=\"M416 208H272V64c0-17.67-14.33-32-32-32h-32c-17.67 0-32 14.33-32 32v144H32c-17.67 0-32 14.33-32 32v32c0 17.67 14.33 32 32 32h144v144c0 17.67 14.33 32 32 32h32c17.67 0 32-14.33 32-32V304h144c17.67 0 32-14.33 32-32v-32c0-17.67-14.33-32-32-32z\"><\/path><\/svg><\/span>\n\t\t\t\t\t\t\t\t<span class=\"elementor-accordion-icon-opened\"><svg class=\"e-font-icon-svg e-fas-minus\" viewBox=\"0 0 448 512\" xmlns=\"http:\/\/www.w3.org\/2000\/svg\"><path d=\"M416 208H32c-17.67 0-32 14.33-32 32v32c0 17.67 14.33 32 32 32h384c17.67 0 32-14.33 32-32v-32c0-17.67-14.33-32-32-32z\"><\/path><\/svg><\/span>\n\t\t\t\t\t\t\t\t\t\t\t\t\t\t<\/span>\n\t\t\t\t\t\t\t\t\t\t\t\t<a class=\"elementor-accordion-title\" tabindex=\"0\">ODKRYWCZO\u015a\u0106 (IDEATION)<\/a>\n\t\t\t\t\t<\/div>\n\t\t\t\t\t<div id=\"elementor-tab-content-2374\" class=\"elementor-tab-content elementor-clearfix\" data-tab=\"4\" role=\"region\" aria-labelledby=\"elementor-tab-title-2374\"><p><span style=\"font-weight: 400;\">Odkrywczo\u015b\u0107 to cecha poszukiwaczy i rewolucjonist\u00f3w. Nieustanie szukaj\u0105 nowych rozwi\u0105za\u0144 wzgl\u0119dem zastanych pomys\u0142\u00f3w czy idei. Dzi\u0119ki d\u0105\u017ceniu do wiedzy i poznawaniu jej od podstaw, s\u0105 w stanie wyt\u0142umaczy\u0107 najbardziej z\u0142o\u017cone problemy. To osoby kreatywne, spostrzegawcze i wykorzystuj\u0105ce zdobywan\u0105 wiedz\u0119 w swoich p\u00f3\u017aniejszych dzia\u0142aniach.<\/span><\/p><\/div>\n\t\t\t\t<\/div>\n\t\t\t\t\t\t\t<div class=\"elementor-accordion-item\">\n\t\t\t\t\t<div id=\"elementor-tab-title-2375\" class=\"elementor-tab-title\" data-tab=\"5\" role=\"button\" aria-controls=\"elementor-tab-content-2375\" aria-expanded=\"false\">\n\t\t\t\t\t\t\t\t\t\t\t\t\t<span class=\"elementor-accordion-icon elementor-accordion-icon-left\" aria-hidden=\"true\">\n\t\t\t\t\t\t\t\t\t\t\t\t\t\t\t<span class=\"elementor-accordion-icon-closed\"><svg class=\"e-font-icon-svg e-fas-plus\" viewBox=\"0 0 448 512\" xmlns=\"http:\/\/www.w3.org\/2000\/svg\"><path d=\"M416 208H272V64c0-17.67-14.33-32-32-32h-32c-17.67 0-32 14.33-32 32v144H32c-17.67 0-32 14.33-32 32v32c0 17.67 14.33 32 32 32h144v144c0 17.67 14.33 32 32 32h32c17.67 0 32-14.33 32-32V304h144c17.67 0 32-14.33 32-32v-32c0-17.67-14.33-32-32-32z\"><\/path><\/svg><\/span>\n\t\t\t\t\t\t\t\t<span class=\"elementor-accordion-icon-opened\"><svg class=\"e-font-icon-svg e-fas-minus\" viewBox=\"0 0 448 512\" xmlns=\"http:\/\/www.w3.org\/2000\/svg\"><path d=\"M416 208H32c-17.67 0-32 14.33-32 32v32c0 17.67 14.33 32 32 32h384c17.67 0 32-14.33 32-32v-32c0-17.67-14.33-32-32-32z\"><\/path><\/svg><\/span>\n\t\t\t\t\t\t\t\t\t\t\t\t\t\t<\/span>\n\t\t\t\t\t\t\t\t\t\t\t\t<a class=\"elementor-accordion-title\" tabindex=\"0\">ROZWIJANIE INNYCH (DEVELOPER)<\/a>\n\t\t\t\t\t<\/div>\n\t\t\t\t\t<div id=\"elementor-tab-content-2375\" class=\"elementor-tab-content elementor-clearfix\" data-tab=\"5\" role=\"region\" aria-labelledby=\"elementor-tab-title-2375\"><p><span style=\"font-weight: 400;\">Rozwijanie innych to wyj\u0105tkowa cecha. Pozwala dostrzega\u0107 warto\u015b\u0107 innych ludzi. Daje wiedz\u0119, w jaki spos\u00f3b kszta\u0142towa\u0107 i motywowa\u0107 odkryte w innym cz\u0142owieku talenty. W\u0142a\u015bciciele tej cechy wierz\u0105, \u017ce ka\u017cdy mo\u017ce doskonali\u0107 si\u0119 w niesko\u0144czono\u015b\u0107. Cz\u0142owiek jest stale zapisywan\u0105 ksi\u0119g\u0105. S\u0105 znakomitymi mentorami, menad\u017cerami, nauczycielami czy coachami. Pokazuj\u0105 sukces i drog\u0119 do niego. Stanowi\u0105 te\u017c wspania\u0142\u0105 motywacj\u0119.<\/span><\/p><\/div>\n\t\t\t\t<\/div>\n\t\t\t\t\t\t\t\t<\/div>\n\t\t\t\t\t\t<\/div>\n\t\t\t\t<\/div>\n\t\t\t\t<\/div>\n\t\t<div class=\"elementor-element elementor-element-ffb8107 e-con-full e-flex e-con e-child\" data-id=\"ffb8107\" data-element_type=\"container\">\n\t\t\t\t<div class=\"elementor-element elementor-element-665d4ac elementor-widget elementor-widget-image\" data-id=\"665d4ac\" data-element_type=\"widget\" data-widget_type=\"image.default\">\n\t\t\t\t<div class=\"elementor-widget-container\">\n\t\t\t\t\t\t\t\t\t\t\t\t\t\t\t<img decoding=\"async\" width=\"683\" height=\"1024\" src=\"https:\/\/annapietryka.pl\/wp-content\/uploads\/2024\/03\/4473458b-b4a7-49bf-88b0-810b52a936b6-683x1024.jpg\" class=\"attachment-large size-large wp-image-427\" alt=\"\" srcset=\"https:\/\/annapietryka.pl\/wp-content\/uploads\/2024\/03\/4473458b-b4a7-49bf-88b0-810b52a936b6-683x1024.jpg 683w, https:\/\/annapietryka.pl\/wp-content\/uploads\/2024\/03\/4473458b-b4a7-49bf-88b0-810b52a936b6-scaled-600x900.jpg 600w, https:\/\/annapietryka.pl\/wp-content\/uploads\/2024\/03\/4473458b-b4a7-49bf-88b0-810b52a936b6-200x300.jpg 200w, https:\/\/annapietryka.pl\/wp-content\/uploads\/2024\/03\/4473458b-b4a7-49bf-88b0-810b52a936b6-768x1152.jpg 768w, https:\/\/annapietryka.pl\/wp-content\/uploads\/2024\/03\/4473458b-b4a7-49bf-88b0-810b52a936b6-1024x1536.jpg 1024w, https:\/\/annapietryka.pl\/wp-content\/uploads\/2024\/03\/4473458b-b4a7-49bf-88b0-810b52a936b6-1365x2048.jpg 1365w, https:\/\/annapietryka.pl\/wp-content\/uploads\/2024\/03\/4473458b-b4a7-49bf-88b0-810b52a936b6-scaled.jpg 1707w\" sizes=\"(max-width: 683px) 100vw, 683px\" \/>\t\t\t\t\t\t\t\t\t\t\t\t\t\t\t<\/div>\n\t\t\t\t<\/div>\n\t\t\t\t<\/div>\n\t\t\t\t<\/div>\n\t\t<div class=\"elementor-element elementor-element-41ccfa6 elementor-hidden-desktop elementor-hidden-tablet elementor-hidden-mobile e-flex e-con-boxed e-con e-parent\" data-id=\"41ccfa6\" data-element_type=\"container\">\n\t\t\t\t\t<div class=\"e-con-inner\">\n\t\t\t\t<div class=\"elementor-element elementor-element-f856c0e elementor-widget elementor-widget-heading\" data-id=\"f856c0e\" data-element_type=\"widget\" data-widget_type=\"heading.default\">\n\t\t\t\t<div class=\"elementor-widget-container\">\n\t\t\t\t\t<h2 class=\"elementor-heading-title elementor-size-default\">Wsp\u00f3\u0142pracownicy <\/h2>\t\t\t\t<\/div>\n\t\t\t\t<\/div>\n\t\t\t\t\t<\/div>\n\t\t\t\t<\/div>\n\t\t<div class=\"elementor-element elementor-element-4e4fb1f elementor-hidden-desktop elementor-hidden-tablet elementor-hidden-mobile e-flex e-con-boxed e-con e-parent\" data-id=\"4e4fb1f\" data-element_type=\"container\" data-settings=\"{&quot;background_background&quot;:&quot;classic&quot;}\">\n\t\t\t\t\t<div class=\"e-con-inner\">\n\t\t<div class=\"elementor-element elementor-element-ff44d32 e-flex e-con-boxed e-con e-child\" data-id=\"ff44d32\" data-element_type=\"container\">\n\t\t\t\t\t<div class=\"e-con-inner\">\n\t\t\t\t<div class=\"elementor-element elementor-element-1242f67 elementor-widget elementor-widget-image\" data-id=\"1242f67\" data-element_type=\"widget\" data-widget_type=\"image.default\">\n\t\t\t\t<div class=\"elementor-widget-container\">\n\t\t\t\t\t\t\t\t\t\t\t\t\t\t\t<img decoding=\"async\" src=\"https:\/\/annapietryka.pl\/wp-content\/uploads\/2024\/10\/Projekt-bez-nazwy-80.png\" title=\"\" alt=\"\" loading=\"lazy\" \/>\t\t\t\t\t\t\t\t\t\t\t\t\t\t\t<\/div>\n\t\t\t\t<\/div>\n\t\t\t\t\t<\/div>\n\t\t\t\t<\/div>\n\t\t<div class=\"elementor-element elementor-element-cbdf299 e-flex e-con-boxed e-con e-child\" data-id=\"cbdf299\" data-element_type=\"container\">\n\t\t\t\t\t<div class=\"e-con-inner\">\n\t\t\t\t<div class=\"elementor-element elementor-element-f81542d elementor-widget elementor-widget-text-editor\" data-id=\"f81542d\" data-element_type=\"widget\" data-widget_type=\"text-editor.default\">\n\t\t\t\t<div class=\"elementor-widget-container\">\n\t\t\t\t\t\t\t\t\t<p>Felu\u015b to brytyjski d\u017centelmen (cho\u0107 bardziej z pazurem ni\u017c w meloniku). Adoptowa\u0142am go z pseudohodowli (jako pi\u0119cioletniego kocura), gdzie nie m\u00f3g\u0142 znale\u017a\u0107 wsp\u00f3lnego j\u0119zyka z innymi kotami (i ja go\u015bcia rozumiem). Pocz\u0105tki by\u0142y mega trudne. Musia\u0142am przej\u015b\u0107 od marzenia posiadania przytula\u015bnego kota do tego co jeste\u015bmy w stanie razem wypracowa\u0107. <strong>Dzi\u015b dzielimy biurko (on na nim \u015bpi, ja pracuj\u0119),<\/strong> a jego charakterna obecno\u015b\u0107 przypomina mi, \u017ce w biznesie \u2013 tak jak on \u2013 trzeba czasem mie\u0107 pazur, stawia\u0107 granice i dba\u0107 o w\u0142asne zasady. <strong>A przede wszystkim trzeba by\u0107 odwa\u017cnym. <\/strong>Nikt tak jak Ty sama, nie zadba o Twoje interesy, a bez odwagi i pewno\u015bci siebie niewiele zdzia\u0142asz w biznesach online: <strong>&#8222;B\u00f3j si\u0119 i r\u00f3b!&#8221;\u00a0<\/strong><\/p><p>Razem z Felu\u015biem dzia\u0142amy jako zgrany zesp\u00f3\u0142 \u2013 ja koduj\u0119, planuj\u0119 i tworz\u0119, a on przypomina mi, \u017ce<strong> ka\u017cde rozwi\u0105zanie musi by\u0107 autentyczne, skrojone na miar\u0119 potrzeb<\/strong> i w r\u00f3wnowadze z tym, co naprawd\u0119 wa\u017cne.<\/p><p>Je\u015bli jeste\u015b ciekawa co motywuje Cezarego to tu\u0144czyk. <strong>A jaki jest Tw\u00f3j motywator?\u00a0<\/strong><\/p>\t\t\t\t\t\t\t\t<\/div>\n\t\t\t\t<\/div>\n\t\t\t\t\t<\/div>\n\t\t\t\t<\/div>\n\t\t\t\t\t<\/div>\n\t\t\t\t<\/div>\n\t\t<div class=\"elementor-element elementor-element-0990cbc e-flex e-con-boxed e-con e-parent\" data-id=\"0990cbc\" data-element_type=\"container\">\n\t\t\t\t\t<div class=\"e-con-inner\">\n\t\t\t\t<div class=\"elementor-element elementor-element-6e71563 elementor-widget elementor-widget-spacer\" data-id=\"6e71563\" data-element_type=\"widget\" data-widget_type=\"spacer.default\">\n\t\t\t\t<div class=\"elementor-widget-container\">\n\t\t\t\t\t\t\t<div class=\"elementor-spacer\">\n\t\t\t<div class=\"elementor-spacer-inner\"><\/div>\n\t\t<\/div>\n\t\t\t\t\t\t<\/div>\n\t\t\t\t<\/div>\n\t\t\t\t\t<\/div>\n\t\t\t\t<\/div>\n\t\t\t\t<\/div>\n\t\t","protected":false},"excerpt":{"rendered":"<p>O MNIE Poznajmy si\u0119 bli\u017cej! Mam na imi\u0119 Ania\u00a0 Zajmuj\u0119 si\u0119 wspieraniem przedsi\u0119biorc\u00f3w we wdra\u017caniu i obs\u0142udze narz\u0119dzi b\u0119d\u0105cych fundamentem biznesu online. Buduj\u0119 techniczne zaplecze firm od podstaw, podpowiadam, z jakich narz\u0119dzi warto skorzysta\u0107 i pomagam w obs\u0142udze i zarz\u0105dzaniu procesami u\u0142atwiaj\u0105cymi automatyzacj\u0119. Jestem skuteczna, ch\u0119tnie si\u0119 ucz\u0119 i aktywnie szukam rozwi\u0105za\u0144. Moja droga w&#8230;<\/p>\n","protected":false},"author":1,"featured_media":0,"parent":0,"menu_order":0,"comment_status":"closed","ping_status":"closed","template":"","meta":{"_kad_post_transparent":"","_kad_post_title":"hide","_kad_post_layout":"fullwidth","_kad_post_sidebar_id":"","_kad_post_content_style":"unboxed","_kad_post_vertical_padding":"hide","_kad_post_feature":"hide","_kad_post_feature_position":"","_kad_post_header":false,"_kad_post_footer":false,"footnotes":""},"class_list":["post-38","page","type-page","status-publish","hentry"],"rttpg_featured_image_url":null,"rttpg_author":{"display_name":"Anna Pietryka","author_link":"https:\/\/annapietryka.pl\/?author=1"},"rttpg_comment":0,"rttpg_category":null,"rttpg_excerpt":"O MNIE Poznajmy si\u0119 bli\u017cej! Mam na imi\u0119 Ania\u00a0 Zajmuj\u0119 si\u0119 wspieraniem przedsi\u0119biorc\u00f3w we wdra\u017caniu i obs\u0142udze narz\u0119dzi b\u0119d\u0105cych fundamentem biznesu online. Buduj\u0119 techniczne zaplecze firm od podstaw, podpowiadam, z jakich narz\u0119dzi warto skorzysta\u0107 i pomagam w obs\u0142udze i zarz\u0105dzaniu procesami u\u0142atwiaj\u0105cymi automatyzacj\u0119. Jestem skuteczna, ch\u0119tnie si\u0119 ucz\u0119 i aktywnie szukam rozwi\u0105za\u0144. Moja droga w...","_links":{"self":[{"href":"https:\/\/annapietryka.pl\/index.php?rest_route=\/wp\/v2\/pages\/38","targetHints":{"allow":["GET"]}}],"collection":[{"href":"https:\/\/annapietryka.pl\/index.php?rest_route=\/wp\/v2\/pages"}],"about":[{"href":"https:\/\/annapietryka.pl\/index.php?rest_route=\/wp\/v2\/types\/page"}],"author":[{"embeddable":true,"href":"https:\/\/annapietryka.pl\/index.php?rest_route=\/wp\/v2\/users\/1"}],"replies":[{"embeddable":true,"href":"https:\/\/annapietryka.pl\/index.php?rest_route=%2Fwp%2Fv2%2Fcomments&post=38"}],"version-history":[{"count":166,"href":"https:\/\/annapietryka.pl\/index.php?rest_route=\/wp\/v2\/pages\/38\/revisions"}],"predecessor-version":[{"id":4310,"href":"https:\/\/annapietryka.pl\/index.php?rest_route=\/wp\/v2\/pages\/38\/revisions\/4310"}],"wp:attachment":[{"href":"https:\/\/annapietryka.pl\/index.php?rest_route=%2Fwp%2Fv2%2Fmedia&parent=38"}],"curies":[{"name":"wp","href":"https:\/\/api.w.org\/{rel}","templated":true}]}}