{"id":1585,"date":"2024-08-10T17:31:36","date_gmt":"2024-08-10T15:31:36","guid":{"rendered":"https:\/\/annapietryka.pl\/?page_id=1585"},"modified":"2024-08-12T18:46:05","modified_gmt":"2024-08-12T16:46:05","slug":"wiedza","status":"publish","type":"page","link":"https:\/\/annapietryka.pl\/?page_id=1585","title":{"rendered":"Wiedza"},"content":{"rendered":"\t\t<div data-elementor-type=\"wp-page\" data-elementor-id=\"1585\" class=\"elementor elementor-1585\" data-elementor-post-type=\"page\">\n\t\t\t\t<div class=\"elementor-element elementor-element-2939c98 e-flex e-con-boxed e-con e-parent\" data-id=\"2939c98\" data-element_type=\"container\" data-settings=\"{&quot;background_background&quot;:&quot;classic&quot;}\">\n\t\t\t\t\t<div class=\"e-con-inner\">\n\t\t<div class=\"elementor-element elementor-element-ecb9b6e e-flex e-con-boxed e-con e-child\" data-id=\"ecb9b6e\" data-element_type=\"container\">\n\t\t\t\t\t<div class=\"e-con-inner\">\n\t\t\t\t<div class=\"elementor-element elementor-element-8ff416f elementor-widget elementor-widget-heading\" data-id=\"8ff416f\" data-element_type=\"widget\" data-widget_type=\"heading.default\">\n\t\t\t\t<div class=\"elementor-widget-container\">\n\t\t\t\t\t<h2 class=\"elementor-heading-title elementor-size-default\">Wykorzystuj wiedz\u0119 z mojego bloga, \n<br>aby efektywniej \n<br>dzia\u0142a\u0107 w biznesie online<\/h2>\t\t\t\t<\/div>\n\t\t\t\t<\/div>\n\t\t\t\t<div class=\"elementor-element elementor-element-0754e22 elementor-widget elementor-widget-heading\" data-id=\"0754e22\" data-element_type=\"widget\" data-widget_type=\"heading.default\">\n\t\t\t\t<div class=\"elementor-widget-container\">\n\t\t\t\t\t<h2 class=\"elementor-heading-title elementor-size-default\">Znajdziesz tu praktyczne porady, inspiracje oraz najnowsze trendy, kt\u00f3re pomog\u0105 Ci zoptymalizowa\u0107 dzia\u0142anie Twojej firmy i zwi\u0119kszy\u0107 efektywno\u015b\u0107<\/h2>\t\t\t\t<\/div>\n\t\t\t\t<\/div>\n\t\t\t\t\t<\/div>\n\t\t\t\t<\/div>\n\t\t\t\t\t<\/div>\n\t\t\t\t<\/div>\n\t\t<div class=\"elementor-element elementor-element-eecbc1e e-flex e-con-boxed e-con e-parent\" data-id=\"eecbc1e\" data-element_type=\"container\">\n\t\t\t\t\t<div class=\"e-con-inner\">\n\t\t\t\t<div class=\"elementor-element elementor-element-e8d3a81 meta-visibility-show title_position_default title_hover_border_default title-default img_hover_animation_default meta_position_default readmore-btn-default-style grid-hover-overlay-type-always tpg-el-box-border-enable tpg-border-bottom-disable elementor-widget elementor-widget-tpg-grid-layout\" data-id=\"e8d3a81\" data-element_type=\"widget\" data-widget_type=\"tpg-grid-layout.default\">\n\t\t\t\t<div class=\"elementor-widget-container\">\n\t\t\t\t\t\t\t<div class=\"rt-container-fluid rt-tpg-container tpg-el-main-wrapper clearfix grid-layout1-main \"\n\t\t\t id=\"rt-tpg-container-2343569006\"\n\t\t\t data-layout=\"grid-layout1\"\n\t\t\t data-grid-style=\"tpg-full-height\"\n\t\t\t data-sc-id=\"elementor\"\n\t\t\t data-el-settings=''\n\t\t\t data-el-query=''\n\t\t\t data-el-path=''\n\t\t>\n\t\t\t\t\t\t<div class='tpg-header-wrapper '>\n\t\t\t\t\t\t\t<\/div>\n\n\t\t\t<div data-title=\"Loading ...\" class=\"rt-row rt-content-loader grid-layout1 grid-behaviour tpg-full-height grid_layout_wrapper\">\n\t\t\t\t<div class=\"rt-col-md-6 rt-col-sm-6 rt-col-xs-12 default rt-grid-item post-2090 post type-post status-publish format-standard has-post-thumbnail hentry category-bez-kategorii\"\t\tdata-id=\"2090\">\n\t<div class=\"rt-holder tpg-post-holder \">\n\t\t<div class=\"rt-detail rt-el-content-wrapper\">\n\t\t\t\t\t\t\t<div class=\"rt-img-holder tpg-el-image-wrap has-thumbnail\">\n\t\t\t\t\t<a data-id=\"2090\" href=\"https:\/\/annapietryka.pl\/?p=2090\" class=\"tpg-post-link\" target=\"_self\">                        <img fetchpriority=\"high\" decoding=\"async\" src=\"https:\/\/annapietryka.pl\/wp-content\/uploads\/2024\/08\/1-1-768x432.png\"\n                             class=\"rt-img-responsive\"\n                             width=\"768\"\n                             height=\"432\"\n                             alt=\"Kluczowe wska\u017aniki e-mail marketingu.\">\n\t\t\t\t\t\t\n\t\t\t\t\t\t\t\n\t\t<\/a>\n\t\t        <div class=\"overlay grid-hover-content\"><\/div>\n\t\t\t\t\t\t<\/div>\n\t\t\t\n\t\t\t<div class=\"entry-title-wrapper\"><h4 class=\"entry-title\"><a data-id=\"2090\" href=\"https:\/\/annapietryka.pl\/?p=2090\" class=\"tpg-post-link\" target=\"_self\">Kluczowe wska\u017aniki e-mail marketingu.<\/a><\/h4><\/div>\n\t\t\t\t\t\t\t<div class=\"post-meta-tags rt-el-post-meta\">\n\t\t\t\t\t\t\t\t\t<\/div>\n\t\t\t\n\n\t\t\t\n\t\t\t        <div class=\"post-footer\">\n            <div class=\"post-footer\">\n                <div class=\"read-more\">\n\t\t\t\t\t<a data-id=\"2090\" href=\"https:\/\/annapietryka.pl\/?p=2090\" class=\"tpg-post-link\" target=\"_self\">Czytaj ca\u0142o\u015b\u0107 ...<\/a>                <\/div>\n            <\/div>\n        <\/div>\n\t\t\t\t<\/div>\n\t<\/div>\n<\/div>\n<div class=\"rt-col-md-6 rt-col-sm-6 rt-col-xs-12 default rt-grid-item post-1894 post type-post status-publish format-standard has-post-thumbnail hentry category-bez-kategorii\"\t\tdata-id=\"1894\">\n\t<div class=\"rt-holder tpg-post-holder \">\n\t\t<div class=\"rt-detail rt-el-content-wrapper\">\n\t\t\t\t\t\t\t<div class=\"rt-img-holder tpg-el-image-wrap has-thumbnail\">\n\t\t\t\t\t<a data-id=\"1894\" href=\"https:\/\/annapietryka.pl\/?p=1894\" class=\"tpg-post-link\" target=\"_self\">                        <img decoding=\"async\" src=\"https:\/\/annapietryka.pl\/wp-content\/uploads\/2024\/08\/1-768x432.png\"\n                             class=\"rt-img-responsive\"\n                             width=\"768\"\n                             height=\"432\"\n                             alt=\"Jak zwi\u0119kszy\u0107 sprzeda\u017c w biznesie online\">\n\t\t\t\t\t\t\n\t\t\t\t\t\t\t\n\t\t<\/a>\n\t\t        <div class=\"overlay grid-hover-content\"><\/div>\n\t\t\t\t\t\t<\/div>\n\t\t\t\n\t\t\t<div class=\"entry-title-wrapper\"><h4 class=\"entry-title\"><a data-id=\"1894\" href=\"https:\/\/annapietryka.pl\/?p=1894\" class=\"tpg-post-link\" target=\"_self\">Jak zwi\u0119kszy\u0107 sprzeda\u017c w biznesie online<\/a><\/h4><\/div>\n\t\t\t\t\t\t\t<div class=\"post-meta-tags rt-el-post-meta\">\n\t\t\t\t\t\t\t\t\t<\/div>\n\t\t\t\n\n\t\t\t\n\t\t\t        <div class=\"post-footer\">\n            <div class=\"post-footer\">\n                <div class=\"read-more\">\n\t\t\t\t\t<a data-id=\"1894\" href=\"https:\/\/annapietryka.pl\/?p=1894\" class=\"tpg-post-link\" target=\"_self\">Czytaj ca\u0142o\u015b\u0107 ...<\/a>                <\/div>\n            <\/div>\n        <\/div>\n\t\t\t\t<\/div>\n\t<\/div>\n<\/div>\n<div class=\"rt-col-md-6 rt-col-sm-6 rt-col-xs-12 default rt-grid-item post-1303 post type-post status-publish format-standard has-post-thumbnail hentry category-strona-internetowa\"\t\tdata-id=\"1303\">\n\t<div class=\"rt-holder tpg-post-holder \">\n\t\t<div class=\"rt-detail rt-el-content-wrapper\">\n\t\t\t\t\t\t\t<div class=\"rt-img-holder tpg-el-image-wrap has-thumbnail\">\n\t\t\t\t\t<a data-id=\"1303\" href=\"https:\/\/annapietryka.pl\/?p=1303\" class=\"tpg-post-link\" target=\"_self\">                        <img decoding=\"async\" src=\"https:\/\/annapietryka.pl\/wp-content\/uploads\/2024\/08\/Projekt-bez-nazwy-56-768x432.png\"\n                             class=\"rt-img-responsive\"\n                             width=\"768\"\n                             height=\"432\"\n                             alt=\"8 kluczowych praktyk UX w e-commerce w 2024\">\n\t\t\t\t\t\t\n\t\t\t\t\t\t\t\n\t\t<\/a>\n\t\t        <div class=\"overlay grid-hover-content\"><\/div>\n\t\t\t\t\t\t<\/div>\n\t\t\t\n\t\t\t<div class=\"entry-title-wrapper\"><h4 class=\"entry-title\"><a data-id=\"1303\" href=\"https:\/\/annapietryka.pl\/?p=1303\" class=\"tpg-post-link\" target=\"_self\">8 kluczowych praktyk UX w e-commerce w 2024<\/a><\/h4><\/div>\n\t\t\t\t\t\t\t<div class=\"post-meta-tags rt-el-post-meta\">\n\t\t\t\t\t\t\t\t\t<\/div>\n\t\t\t\n\n\t\t\t\n\t\t\t        <div class=\"post-footer\">\n            <div class=\"post-footer\">\n                <div class=\"read-more\">\n\t\t\t\t\t<a data-id=\"1303\" href=\"https:\/\/annapietryka.pl\/?p=1303\" class=\"tpg-post-link\" target=\"_self\">Czytaj ca\u0142o\u015b\u0107 ...<\/a>                <\/div>\n            <\/div>\n        <\/div>\n\t\t\t\t<\/div>\n\t<\/div>\n<\/div>\n\t\t\t<\/div>\n\t\t\t\n\t\t<\/div>\n\t\t\t\t\t\t<\/div>\n\t\t\t\t<\/div>\n\t\t\t\t\t<\/div>\n\t\t\t\t<\/div>\n\t\t\t\t<\/div>\n\t\t","protected":false},"excerpt":{"rendered":"<p>Wykorzystuj wiedz\u0119 z mojego bloga, aby efektywniej dzia\u0142a\u0107 w biznesie online Znajdziesz tu praktyczne porady, inspiracje oraz najnowsze trendy, kt\u00f3re pomog\u0105 Ci zoptymalizowa\u0107 dzia\u0142anie Twojej firmy i zwi\u0119kszy\u0107 efektywno\u015b\u0107 Jak wykorzysta\u0107 ChatGPT do tworzenia tre\u015bci blogowych, kt\u00f3re przyci\u0105gn\u0105 klient\u00f3w i oszcz\u0119dz\u0105 Tw\u00f3j czas- wpis stworzony z promptami Czytaj ca\u0142o\u015b\u0107 &#8230; 8 kluczowych praktyk UX w&#8230;<\/p>\n","protected":false},"author":1,"featured_media":0,"parent":0,"menu_order":0,"comment_status":"closed","ping_status":"closed","template":"","meta":{"_kad_post_transparent":"","_kad_post_title":"hide","_kad_post_layout":"fullwidth","_kad_post_sidebar_id":"","_kad_post_content_style":"unboxed","_kad_post_vertical_padding":"hide","_kad_post_feature":"hide","_kad_post_feature_position":"","_kad_post_header":false,"_kad_post_footer":false,"footnotes":""},"class_list":["post-1585","page","type-page","status-publish","hentry"],"rttpg_featured_image_url":null,"rttpg_author":{"display_name":"Anna Pietryka","author_link":"https:\/\/annapietryka.pl\/?author=1"},"rttpg_comment":0,"rttpg_category":"","rttpg_excerpt":"Wykorzystuj wiedz\u0119 z mojego bloga, aby efektywniej dzia\u0142a\u0107 w biznesie online Znajdziesz tu praktyczne porady, inspiracje oraz najnowsze trendy, kt\u00f3re pomog\u0105 Ci zoptymalizowa\u0107 dzia\u0142anie Twojej firmy i zwi\u0119kszy\u0107 efektywno\u015b\u0107 Jak wykorzysta\u0107 ChatGPT do tworzenia tre\u015bci blogowych, kt\u00f3re przyci\u0105gn\u0105 klient\u00f3w i oszcz\u0119dz\u0105 Tw\u00f3j czas- wpis stworzony z promptami Czytaj ca\u0142o\u015b\u0107 &#8230; 8 kluczowych praktyk UX w...","_links":{"self":[{"href":"https:\/\/annapietryka.pl\/index.php?rest_route=\/wp\/v2\/pages\/1585","targetHints":{"allow":["GET"]}}],"collection":[{"href":"https:\/\/annapietryka.pl\/index.php?rest_route=\/wp\/v2\/pages"}],"about":[{"href":"https:\/\/annapietryka.pl\/index.php?rest_route=\/wp\/v2\/types\/page"}],"author":[{"embeddable":true,"href":"https:\/\/annapietryka.pl\/index.php?rest_route=\/wp\/v2\/users\/1"}],"replies":[{"embeddable":true,"href":"https:\/\/annapietryka.pl\/index.php?rest_route=%2Fwp%2Fv2%2Fcomments&post=1585"}],"version-history":[{"count":61,"href":"https:\/\/annapietryka.pl\/index.php?rest_route=\/wp\/v2\/pages\/1585\/revisions"}],"predecessor-version":[{"id":1881,"href":"https:\/\/annapietryka.pl\/index.php?rest_route=\/wp\/v2\/pages\/1585\/revisions\/1881"}],"wp:attachment":[{"href":"https:\/\/annapietryka.pl\/index.php?rest_route=%2Fwp%2Fv2%2Fmedia&parent=1585"}],"curies":[{"name":"wp","href":"https:\/\/api.w.org\/{rel}","templated":true}]}}